{"id":42,"date":"2024-02-29T11:42:15","date_gmt":"2024-02-29T10:42:15","guid":{"rendered":"https:\/\/equinecode.com\/?page_id=42"},"modified":"2024-03-15T08:59:25","modified_gmt":"2024-03-15T07:59:25","slug":"sobre-nosotros","status":"publish","type":"page","link":"https:\/\/equinecode.com\/en\/sobre-nosotros","title":{"rendered":"About us"},"content":{"rendered":"<div data-elementor-type=\"wp-page\" data-elementor-id=\"42\" class=\"elementor elementor-42\" data-elementor-post-type=\"page\">\n\t\t\t\t<div class=\"elementor-element elementor-element-2d548ff e-flex e-con-boxed e-con e-parent\" data-id=\"2d548ff\" data-element_type=\"container\" data-e-type=\"container\" data-settings=\"{&quot;background_background&quot;:&quot;classic&quot;}\">\n\t\t\t\t\t<div class=\"e-con-inner\">\n\t\t\t\t<div class=\"elementor-element elementor-element-fd64065 elementor-widget__width-initial elementor-widget elementor-widget-heading\" data-id=\"fd64065\" data-element_type=\"widget\" data-e-type=\"widget\" data-widget_type=\"heading.default\">\n\t\t\t\t<div class=\"elementor-widget-container\">\n\t\t\t\t\t<h1 class=\"elementor-heading-title elementor-size-default translation-block\">We are Equinecode,<br>a brand passionate about the world of horses.<\/h1>\t\t\t\t<\/div>\n\t\t\t\t<\/div>\n\t\t\t\t<div class=\"elementor-element elementor-element-f7cf704 elementor-widget elementor-widget-button\" data-id=\"f7cf704\" data-element_type=\"widget\" data-e-type=\"widget\" data-widget_type=\"button.default\">\n\t\t\t\t<div class=\"elementor-widget-container\">\n\t\t\t\t\t\t\t\t\t<div class=\"elementor-button-wrapper\">\n\t\t\t\t\t<a class=\"elementor-button elementor-button-link elementor-size-sm\" href=\"https:\/\/equinecode.com\/en\/tienda\/\">\n\t\t\t\t\t\t<span class=\"elementor-button-content-wrapper\">\n\t\t\t\t\t\t\t\t\t<span class=\"elementor-button-text\">Buy test<\/span>\n\t\t\t\t\t<\/span>\n\t\t\t\t\t<\/a>\n\t\t\t\t<\/div>\n\t\t\t\t\t\t\t\t<\/div>\n\t\t\t\t<\/div>\n\t\t\t\t\t<\/div>\n\t\t\t\t<\/div>\n\t\t<div class=\"elementor-element elementor-element-1635912 e-con-full e-flex e-con e-parent\" data-id=\"1635912\" data-element_type=\"container\" data-e-type=\"container\">\n\t\t<div class=\"elementor-element elementor-element-93018ff e-con-full e-flex e-con e-child\" data-id=\"93018ff\" data-element_type=\"container\" data-e-type=\"container\">\n\t\t\t\t<div class=\"elementor-element elementor-element-ad78ba5 elementor-widget__width-initial elementor-widget elementor-widget-text-editor\" data-id=\"ad78ba5\" data-element_type=\"widget\" data-e-type=\"widget\" data-widget_type=\"text-editor.default\">\n\t\t\t\t<div class=\"elementor-widget-container\">\n\t\t\t\t\t\t\t\t\t<p class=\"translation-block\">Equinecode is backed by <a href=\"https:\/\/sanbiotec.com\/\" target=\"_blank\" rel=\"noopener\"><strong>Sanbiotec<\/strong><\/a>, a leading company in biotechnology, microbiology, and genetics. Since 2018, Sanbiotec has been driving innovation in the field of equine research through the identification of genetic markers associated with equine performance.<\/p><p class=\"translation-block\">The journey began with the aim of developing a <strong>method to predict the athletic potential for Purebred Arabian horses<\/strong>. Over the years, we have strengthened our business model, expanding to offer a wide range of biotechnology-related services. We collaborate with internationally renowned universities and research centers, solidifying our role in the world of biological engineering.<\/p>\t\t\t\t\t\t\t\t<\/div>\n\t\t\t\t<\/div>\n\t\t\t\t<div class=\"elementor-element elementor-element-cf52c9e elementor-widget-divider--view-line elementor-widget elementor-widget-divider\" data-id=\"cf52c9e\" data-element_type=\"widget\" data-e-type=\"widget\" data-widget_type=\"divider.default\">\n\t\t\t\t<div class=\"elementor-widget-container\">\n\t\t\t\t\t\t\t<div class=\"elementor-divider\">\n\t\t\t<span class=\"elementor-divider-separator\">\n\t\t\t\t\t\t<\/span>\n\t\t<\/div>\n\t\t\t\t\t\t<\/div>\n\t\t\t\t<\/div>\n\t\t\t\t<\/div>\n\t\t<div class=\"elementor-element elementor-element-15e6064 e-con-full e-flex e-con e-child\" data-id=\"15e6064\" data-element_type=\"container\" data-e-type=\"container\">\n\t\t\t\t<div class=\"elementor-element elementor-element-78fd54a elementor-widget elementor-widget-image\" data-id=\"78fd54a\" data-element_type=\"widget\" data-e-type=\"widget\" data-widget_type=\"image.default\">\n\t\t\t\t<div class=\"elementor-widget-container\">\n\t\t\t\t\t\t\t\t\t\t\t\t\t\t\t<img fetchpriority=\"high\" decoding=\"async\" width=\"574\" height=\"390\" src=\"https:\/\/equinecode.com\/wp-content\/uploads\/2024\/03\/lab1.webp\" class=\"attachment-full size-full wp-image-167\" alt=\"\" \/>\t\t\t\t\t\t\t\t\t\t\t\t\t\t\t<\/div>\n\t\t\t\t<\/div>\n\t\t\t\t<div class=\"elementor-element elementor-element-11414cf elementor-widget elementor-widget-image\" data-id=\"11414cf\" data-element_type=\"widget\" data-e-type=\"widget\" data-widget_type=\"image.default\">\n\t\t\t\t<div class=\"elementor-widget-container\">\n\t\t\t\t\t\t\t\t\t\t\t\t\t\t\t<img decoding=\"async\" width=\"574\" height=\"390\" src=\"https:\/\/equinecode.com\/wp-content\/uploads\/2024\/03\/lab2.webp\" class=\"attachment-full size-full wp-image-166\" alt=\"\" \/>\t\t\t\t\t\t\t\t\t\t\t\t\t\t\t<\/div>\n\t\t\t\t<\/div>\n\t\t\t\t<\/div>\n\t\t<div class=\"elementor-element elementor-element-095c44d e-con-full elementor-hidden-tablet elementor-hidden-mobile e-flex e-con e-child\" data-id=\"095c44d\" data-element_type=\"container\" data-e-type=\"container\">\n\t\t\t\t<div class=\"elementor-element elementor-element-3fe4c44 elementor-widget elementor-widget-image\" data-id=\"3fe4c44\" data-element_type=\"widget\" data-e-type=\"widget\" data-widget_type=\"image.default\">\n\t\t\t\t<div class=\"elementor-widget-container\">\n\t\t\t\t\t\t\t\t\t\t\t\t\t\t\t<img decoding=\"async\" width=\"574\" height=\"390\" src=\"https:\/\/equinecode.com\/wp-content\/uploads\/2024\/03\/lab3.webp\" class=\"attachment-full size-full wp-image-165\" alt=\"\" \/>\t\t\t\t\t\t\t\t\t\t\t\t\t\t\t<\/div>\n\t\t\t\t<\/div>\n\t\t\t\t<\/div>\n\t\t\t\t<\/div>\n\t\t<div class=\"elementor-element elementor-element-d94cdb5 e-flex e-con-boxed e-con e-parent\" data-id=\"d94cdb5\" data-element_type=\"container\" data-e-type=\"container\" data-settings=\"{&quot;background_background&quot;:&quot;classic&quot;}\">\n\t\t\t\t\t<div class=\"e-con-inner\">\n\t\t<div class=\"elementor-element elementor-element-e589a8b e-con-full e-flex e-con e-child\" data-id=\"e589a8b\" data-element_type=\"container\" data-e-type=\"container\" data-settings=\"{&quot;background_background&quot;:&quot;classic&quot;}\">\n\t\t\t\t<div class=\"elementor-element elementor-element-0c19b96 elementor-widget__width-initial elementor-widget elementor-widget-heading\" data-id=\"0c19b96\" data-element_type=\"widget\" data-e-type=\"widget\" data-widget_type=\"heading.default\">\n\t\t\t\t<div class=\"elementor-widget-container\">\n\t\t\t\t\t<h2 class=\"elementor-heading-title elementor-size-default\">An innovative tool designed to break the rules<\/h2>\t\t\t\t<\/div>\n\t\t\t\t<\/div>\n\t\t\t\t<div class=\"elementor-element elementor-element-716cce9 elementor-widget elementor-widget-text-editor\" data-id=\"716cce9\" data-element_type=\"widget\" data-e-type=\"widget\" data-widget_type=\"text-editor.default\">\n\t\t\t\t<div class=\"elementor-widget-container\">\n\t\t\t\t\t\t\t\t\t<p class=\"translation-block\">At Equinecode, we understand that <strong>each horse is unique<\/strong> and its <strong>sporting potential<\/strong> is intrinsically linked to their genetics. Our genetic tests focus on looking for specific genetic markers or variations that directly influence the sporting abilities of horses.<\/p>\t\t\t\t\t\t\t\t<\/div>\n\t\t\t\t<\/div>\n\t\t\t\t<\/div>\n\t\t\t\t\t<\/div>\n\t\t\t\t<\/div>\n\t\t<div class=\"elementor-element elementor-element-0bcb6ef e-con-full e-flex e-con e-parent\" data-id=\"0bcb6ef\" data-element_type=\"container\" data-e-type=\"container\">\n\t\t<div class=\"elementor-element elementor-element-f0ede3c e-con-full e-flex e-con e-child\" data-id=\"f0ede3c\" data-element_type=\"container\" data-e-type=\"container\">\n\t\t\t\t<div class=\"elementor-element elementor-element-5d49be0 elementor-widget elementor-widget-image\" data-id=\"5d49be0\" data-element_type=\"widget\" data-e-type=\"widget\" data-widget_type=\"image.default\">\n\t\t\t\t<div class=\"elementor-widget-container\">\n\t\t\t\t\t\t\t\t\t\t\t\t\t\t\t<img loading=\"lazy\" decoding=\"async\" width=\"800\" height=\"480\" src=\"https:\/\/equinecode.com\/wp-content\/uploads\/2024\/03\/geneticaequinecode.webp\" class=\"attachment-full size-full wp-image-172\" alt=\"geneticaequinecode\" srcset=\"https:\/\/equinecode.com\/wp-content\/uploads\/2024\/03\/geneticaequinecode.webp 800w, https:\/\/equinecode.com\/wp-content\/uploads\/2024\/03\/geneticaequinecode-600x360.webp 600w, https:\/\/equinecode.com\/wp-content\/uploads\/2024\/03\/geneticaequinecode-768x461.webp 768w\" sizes=\"(max-width: 800px) 100vw, 800px\" \/>\t\t\t\t\t\t\t\t\t\t\t\t\t\t\t<\/div>\n\t\t\t\t<\/div>\n\t\t\t\t<\/div>\n\t\t<div class=\"elementor-element elementor-element-e1ba139 e-con-full e-flex e-con e-child\" data-id=\"e1ba139\" data-element_type=\"container\" data-e-type=\"container\">\n\t\t\t\t<div class=\"elementor-element elementor-element-c4c74ad elementor-widget elementor-widget-heading\" data-id=\"c4c74ad\" data-element_type=\"widget\" data-e-type=\"widget\" data-widget_type=\"heading.default\">\n\t\t\t\t<div class=\"elementor-widget-container\">\n\t\t\t\t\t<h2 class=\"elementor-heading-title elementor-size-default\">Genetics accounts for approximately 30% of racing performance, and we are here to unlock your horse's potential.<\/h2>\t\t\t\t<\/div>\n\t\t\t\t<\/div>\n\t\t\t\t<div class=\"elementor-element elementor-element-5f30876 elementor-widget__width-initial elementor-widget elementor-widget-text-editor\" data-id=\"5f30876\" data-element_type=\"widget\" data-e-type=\"widget\" data-widget_type=\"text-editor.default\">\n\t\t\t\t<div class=\"elementor-widget-container\">\n\t\t\t\t\t\t\t\t\t<p>For centuries, racehorses have been selected for their athletic potential, track performance, and remarkable qualities. Today, thanks to technology, we explore the complete genetic material of horses to identify beneficial DNA modifications.<\/p>\t\t\t\t\t\t\t\t<\/div>\n\t\t\t\t<\/div>\n\t\t\t\t<div class=\"elementor-element elementor-element-6a2e91a elementor-widget-divider--view-line elementor-widget elementor-widget-divider\" data-id=\"6a2e91a\" data-element_type=\"widget\" data-e-type=\"widget\" data-widget_type=\"divider.default\">\n\t\t\t\t<div class=\"elementor-widget-container\">\n\t\t\t\t\t\t\t<div class=\"elementor-divider\">\n\t\t\t<span class=\"elementor-divider-separator\">\n\t\t\t\t\t\t<\/span>\n\t\t<\/div>\n\t\t\t\t\t\t<\/div>\n\t\t\t\t<\/div>\n\t\t\t\t<\/div>\n\t\t\t\t<\/div>\n\t\t<div class=\"elementor-element elementor-element-df81626 e-con-full e-flex e-con e-parent\" data-id=\"df81626\" data-element_type=\"container\" data-e-type=\"container\">\n\t\t<div class=\"elementor-element elementor-element-3ccafa7 e-con-full e-flex e-con e-child\" data-id=\"3ccafa7\" data-element_type=\"container\" data-e-type=\"container\">\n\t\t\t\t<div class=\"elementor-element elementor-element-87eb76c elementor-widget__width-initial elementor-widget elementor-widget-text-editor\" data-id=\"87eb76c\" data-element_type=\"widget\" data-e-type=\"widget\" data-widget_type=\"text-editor.default\">\n\t\t\t\t<div class=\"elementor-widget-container\">\n\t\t\t\t\t\t\t\t\t<p class=\"translation-block\">Our tests evaluate the most influential genetic variations across various equine competitive disciplines, providing owners with a valuable tool to understand their horses' athletic abilities and tailor their activity to their genetic potential.<\/p><p class=\"translation-block\">The process for carrying out the <strong>genetic test<\/strong> is simple, using hairs from the horse's tail as a sample. The detailed result is presented in a report, and our team of experts is available to advise on any queries.<\/p>\t\t\t\t\t\t\t\t<\/div>\n\t\t\t\t<\/div>\n\t\t\t\t<div class=\"elementor-element elementor-element-7f659e4 elementor-widget-divider--view-line elementor-widget elementor-widget-divider\" data-id=\"7f659e4\" data-element_type=\"widget\" data-e-type=\"widget\" data-widget_type=\"divider.default\">\n\t\t\t\t<div class=\"elementor-widget-container\">\n\t\t\t\t\t\t\t<div class=\"elementor-divider\">\n\t\t\t<span class=\"elementor-divider-separator\">\n\t\t\t\t\t\t<\/span>\n\t\t<\/div>\n\t\t\t\t\t\t<\/div>\n\t\t\t\t<\/div>\n\t\t\t\t<\/div>\n\t\t<div class=\"elementor-element elementor-element-0908afb e-con-full e-flex e-con e-child\" data-id=\"0908afb\" data-element_type=\"container\" data-e-type=\"container\">\n\t\t\t\t<div class=\"elementor-element elementor-element-0f2ec3b elementor-widget elementor-widget-image\" data-id=\"0f2ec3b\" data-element_type=\"widget\" data-e-type=\"widget\" data-widget_type=\"image.default\">\n\t\t\t\t<div class=\"elementor-widget-container\">\n\t\t\t\t\t\t\t\t\t\t\t\t\t\t\t<img loading=\"lazy\" decoding=\"async\" width=\"800\" height=\"532\" src=\"https:\/\/equinecode.com\/wp-content\/uploads\/2024\/03\/laboratorioequine.webp\" class=\"attachment-full size-full wp-image-176\" alt=\"laboratorioequine\" srcset=\"https:\/\/equinecode.com\/wp-content\/uploads\/2024\/03\/laboratorioequine.webp 800w, https:\/\/equinecode.com\/wp-content\/uploads\/2024\/03\/laboratorioequine-600x399.webp 600w, https:\/\/equinecode.com\/wp-content\/uploads\/2024\/03\/laboratorioequine-768x511.webp 768w\" sizes=\"(max-width: 800px) 100vw, 800px\" \/>\t\t\t\t\t\t\t\t\t\t\t\t\t\t\t<\/div>\n\t\t\t\t<\/div>\n\t\t\t\t<\/div>\n\t\t\t\t<\/div>\n\t\t<div class=\"elementor-element elementor-element-e0d554a e-con-full e-flex e-con e-parent\" data-id=\"e0d554a\" data-element_type=\"container\" data-e-type=\"container\">\n\t\t<div class=\"elementor-element elementor-element-9e2197e e-con-full e-flex e-con e-child\" data-id=\"9e2197e\" data-element_type=\"container\" data-e-type=\"container\">\n\t\t\t\t<div class=\"elementor-element elementor-element-7320de1 elementor-widget elementor-widget-image\" data-id=\"7320de1\" data-element_type=\"widget\" data-e-type=\"widget\" data-widget_type=\"image.default\">\n\t\t\t\t<div class=\"elementor-widget-container\">\n\t\t\t\t\t\t\t\t\t\t\t\t\t\t\t<img loading=\"lazy\" decoding=\"async\" width=\"222\" height=\"222\" src=\"https:\/\/equinecode.com\/wp-content\/uploads\/2024\/03\/laboratorio.svg\" class=\"attachment-full size-full wp-image-180\" alt=\"\" \/>\t\t\t\t\t\t\t\t\t\t\t\t\t\t\t<\/div>\n\t\t\t\t<\/div>\n\t\t\t\t<\/div>\n\t\t<div class=\"elementor-element elementor-element-5ff0a56 e-con-full e-flex e-con e-child\" data-id=\"5ff0a56\" data-element_type=\"container\" data-e-type=\"container\">\n\t\t\t\t<div class=\"elementor-element elementor-element-e7056ee elementor-widget__width-initial elementor-widget elementor-widget-text-editor\" data-id=\"e7056ee\" data-element_type=\"widget\" data-e-type=\"widget\" data-widget_type=\"text-editor.default\">\n\t\t\t\t<div class=\"elementor-widget-container\">\n\t\t\t\t\t\t\t\t\t<p class=\"translation-block\">Equinecode is not just a tool for improving performance, but a guarantee of professionalism and trust in the pursuit of your horse's maximum potential.<\/p><p><strong>We turn information into power. Uncover the strengths of your sport horse to optimize its performance to the maximum potential.<\/strong><\/p>\t\t\t\t\t\t\t\t<\/div>\n\t\t\t\t<\/div>\n\t\t\t\t<\/div>\n\t\t\t\t<\/div>\n\t\t\t\t<\/div>","protected":false},"excerpt":{"rendered":"<p>Somos Equinecode,una marca apasionada por el mundo de los caballos Comprar test Equinecode est\u00e1 respaldada por Sanbiotec, empresa l\u00edder en biotecnolog\u00eda, microbiolog\u00eda y gen\u00e9tica. Desde 2018, Sanbiotec ha estado impulsando la innovaci\u00f3n en el campo de la investigaci\u00f3n equina con la identificaci\u00f3n de marcadores gen\u00e9ticos asociados al rendimiento equino. El viaje comenz\u00f3 con el objetivo [&hellip;]<\/p>\n","protected":false},"author":1,"featured_media":0,"parent":0,"menu_order":0,"comment_status":"closed","ping_status":"closed","template":"elementor_header_footer","meta":{"_acf_changed":false,"_joinchat":[],"footnotes":""},"class_list":["post-42","page","type-page","status-publish","hentry"],"acf":[],"_links":{"self":[{"href":"https:\/\/equinecode.com\/en\/wp-json\/wp\/v2\/pages\/42","targetHints":{"allow":["GET"]}}],"collection":[{"href":"https:\/\/equinecode.com\/en\/wp-json\/wp\/v2\/pages"}],"about":[{"href":"https:\/\/equinecode.com\/en\/wp-json\/wp\/v2\/types\/page"}],"author":[{"embeddable":true,"href":"https:\/\/equinecode.com\/en\/wp-json\/wp\/v2\/users\/1"}],"replies":[{"embeddable":true,"href":"https:\/\/equinecode.com\/en\/wp-json\/wp\/v2\/comments?post=42"}],"version-history":[{"count":19,"href":"https:\/\/equinecode.com\/en\/wp-json\/wp\/v2\/pages\/42\/revisions"}],"predecessor-version":[{"id":346,"href":"https:\/\/equinecode.com\/en\/wp-json\/wp\/v2\/pages\/42\/revisions\/346"}],"wp:attachment":[{"href":"https:\/\/equinecode.com\/en\/wp-json\/wp\/v2\/media?parent=42"}],"curies":[{"name":"wp","href":"https:\/\/api.w.org\/{rel}","templated":true}]}}