{"id":289,"date":"2024-03-14T16:26:55","date_gmt":"2024-03-14T15:26:55","guid":{"rendered":"https:\/\/equinecode.com\/?page_id=289"},"modified":"2024-03-14T16:35:45","modified_gmt":"2024-03-14T15:35:45","slug":"condiciones-generales-de-compra","status":"publish","type":"page","link":"https:\/\/equinecode.com\/fr\/condiciones-generales-de-compra","title":{"rendered":"Conditions g\u00e9n\u00e9rales d'achat"},"content":{"rendered":"<div data-elementor-type=\"wp-page\" data-elementor-id=\"289\" class=\"elementor elementor-289\" data-elementor-post-type=\"page\">\n\t\t\t\t<div class=\"elementor-element elementor-element-1b17cf5 e-flex e-con-boxed e-con e-parent\" data-id=\"1b17cf5\" data-element_type=\"container\" data-e-type=\"container\">\n\t\t\t\t\t<div class=\"e-con-inner\">\n\t\t\t\t<div class=\"elementor-element elementor-element-53242fa elementor-widget elementor-widget-heading\" data-id=\"53242fa\" data-element_type=\"widget\" data-e-type=\"widget\" data-widget_type=\"heading.default\">\n\t\t\t\t<div class=\"elementor-widget-container\">\n\t\t\t\t\t<h1 class=\"elementor-heading-title elementor-size-default\">Conditions g\u00e9n\u00e9rales d'achat<\/h1>\t\t\t\t<\/div>\n\t\t\t\t<\/div>\n\t\t\t\t<div class=\"elementor-element elementor-element-cb30590 elementor-widget elementor-widget-text-editor\" data-id=\"cb30590\" data-element_type=\"widget\" data-e-type=\"widget\" data-widget_type=\"text-editor.default\">\n\t\t\t\t<div class=\"elementor-widget-container\">\n\t\t\t\t\t\t\t\t\t<p>Tous les achats effectu\u00e9s sur notre site web (ci-apr\u00e8s www.equinecode.com) par le client (ci-apr\u00e8s \"le client\") sont soumis aux conditions g\u00e9n\u00e9rales d'achat \u00e9nonc\u00e9es dans le pr\u00e9sent document.<\/p><p>Si un aspect de l'achat n'est pas envisag\u00e9 dans le m\u00eame document, il sera r\u00e9gi par la l\u00e9gislation en vigueur en Espagne.<\/p><p>La commande pass\u00e9e par le client implique l'accord et l'acceptation des pr\u00e9sentes conditions g\u00e9n\u00e9rales d'achat. Aucune stipulation faite par le Client sur ces Conditions G\u00e9n\u00e9rales d'Achat ne peut diff\u00e9rer de celles \u00e9tablies par Sanbiotec Consulting, S.L.. Toutes les informations contenues dans les pages web de www.equinecode.com concernant les articles, leurs caract\u00e9ristiques, leurs prix, leurs conditions d'achat, y compris les formulaires et les conditions d'encaissement et de paiement, peuvent \u00eatre modifi\u00e9es par Sanbiotec Consulting, S.L. \u00e0 tout moment et sans pr\u00e9avis, dans le but de tenir le grand public inform\u00e9 en temps utile de ce qui suit<br \/>de tels changements.<\/p><p>Certains aspects des pr\u00e9sentes conditions g\u00e9n\u00e9rales d'achat peuvent \u00eatre modifi\u00e9s par un accord sp\u00e9cial entre le client et Sanbiotec Consulting, S.L., avec le consentement expr\u00e8s de Sanbiotec Consulting, S.L..<\/p><p><strong>1. PRODUITS ET PRIX<\/strong><br \/>1.1 Sauf erreur typographique ou omission, les caract\u00e9ristiques et les prix des services offerts \u00e0 la vente sont clairement indiqu\u00e9s sur les diff\u00e9rentes pages web qui composent le site www.equinecode.com.<\/p><p>1.2 Le montant des prix des services ainsi que n'importe laquelle de leurs caract\u00e9ristiques peuvent \u00eatre r\u00e9vis\u00e9s par Sanbiotec Consulting, S.L. \u00e0 tout moment sans aucune obligation de notifier ces changements au client par d'autres moyens que l'exposition de ces changements sur ses pages web. D'autre part, \u00e0 l'exception de la correction d'erreurs typographiques, une fois l'achat d'un service effectu\u00e9, Sanbiotec Consulting, S.L. s'engage \u00e0 maintenir le prix en vigueur au moment de la passation de la commande.<\/p><p>1.3 IMP\u00d4TS :<\/p><p>1.3.1 Les prix affich\u00e9s par Sanbiotec Consulting, S.L. sur son site Internet ne comprennent pas les taxes. La TVA (taxe sur la valeur ajout\u00e9e) ne sera applicable qu'aux clients dont la r\u00e9sidence actuelle est situ\u00e9e dans les zones d'application sp\u00e9cifique de cette taxe et lorsque la situation du client l'exige, en respectant dans tous les cas les lois espagnoles et europ\u00e9ennes qui s'y rapportent.<\/p><p>1.3.2 En plus des taxes pr\u00e9lev\u00e9es sur la vente, les syst\u00e8mes douaniers de chaque pays appliqueront les charges fiscales correspondantes.<\/p><p>1.3.3 En raison de leur r\u00e9gime fiscal particulier, les zones g\u00e9ographiques correspondant aux \u00eeles Canaries, \u00e0 Ceuta et \u00e0 Melilla sont consid\u00e9r\u00e9es comme des territoires non communautaires et, par cons\u00e9quent, les achats effectu\u00e9s par les r\u00e9sidents de ces territoires sont exon\u00e9r\u00e9s de TVA (les frais de d\u00e9douanement et les taxes d'importation ne sont pas inclus dans le prix de l'article ni dans les frais d'exp\u00e9dition).<\/p><p><strong>2. ORDRES<\/strong><br \/>2.1 Il est entendu que le client a lu, compris et accepte librement les pr\u00e9sentes conditions g\u00e9n\u00e9rales d'achat lorsqu'il passe sa commande par le biais des formulaires d'achat sur le site web www.equinecode.com en acceptant (en cochant) la case pr\u00e9vue \u00e0 cet effet.<\/p><p>2.2 Etant donn\u00e9 que des liens sur le site www.equinecode.com permettent de consulter gratuitement les pr\u00e9sentes conditions g\u00e9n\u00e9rales d'achat, celles-ci s'appliquent \u00e9galement aux produits command\u00e9s par un autre moyen que le formulaire de commande Internet (par e-mail, par t\u00e9l\u00e9phone, par messagerie instantan\u00e9e ou en personne).<\/p><p>2.3 Sanbiotec Consulting, S.L. se r\u00e9serve le droit, \u00e0 tout moment, d'accepter ou de refuser, \u00e0 sa discr\u00e9tion, toute demande d'achat, d'extension, de renouvellement, de modification ou de changement de l'un des services pr\u00e9sent\u00e9s sur ses pages Web.<\/p><p>2.4 Le client affirme que les donn\u00e9es personnelles, de paiement et d'exp\u00e9dition fournies \u00e0 Sanbiotec Consulting, S.L. sont r\u00e9elles et fiables. Dans le cas o\u00f9 Sanbiotec Consulting, S.L. constaterait que tout ou partie de ces donn\u00e9es sont fausses, l'achat sera automatiquement annul\u00e9 et le client ne pourra pr\u00e9tendre \u00e0 aucun remboursement concernant les frais encourus par la gestion.<\/p><p>2.5 Dans le cas o\u00f9 le client fournit les donn\u00e9es d'une tierce personne ou entit\u00e9 lors de l'achat, le client est seul responsable de la connaissance de cette tierce personne ou entit\u00e9 et accepte express\u00e9ment cette situation. Toute responsabilit\u00e9 pour les dommages pouvant d\u00e9couler de ce fait sera enti\u00e8rement support\u00e9e par le client, excluant Sanbiotec Consulting, S.L. de toute responsabilit\u00e9.<\/p><p>2.6 Toute indication ou question formul\u00e9e par le client dans les sections de commentaires sur la commande ou dans les communications ult\u00e9rieures sera consid\u00e9r\u00e9e comme purement informative et ne conditionnera en aucun cas l'achat effectu\u00e9 (le service demand\u00e9, le mode de paiement, les d\u00e9lais de livraison, la livraison et, par extension, l'une ou l'autre des pr\u00e9sentes conditions d'achat).<\/p><p>2.7 Sanbiotec Consulting, S.L. se r\u00e9serve \u00e9galement le droit de suspendre une commande dans l'attente de toute information n\u00e9cessaire de la part du client. Dans ce cas, les d\u00e9lais de livraison seront retard\u00e9s en fonction du temps de r\u00e9ponse du client.<\/p><p><strong>3. PAIEMENTS<\/strong><br \/>3.1 Le client est responsable du paiement des factures m\u00eame si un tiers intervient au nom du client, la responsabilit\u00e9 de fournir des donn\u00e9es d'authentification, d'acc\u00e8s ou d'identification \u00e0 un tiers incombant uniquement et exclusivement au client.<\/p><p>3.2 Sanbiotec Consulting, S.L. \u00e9mettra la facture correspondante aux services achet\u00e9s et l'enverra au client par courrier \u00e9lectronique afin qu'il puisse, par la suite et s'il le souhaite, l'imprimer sur papier pour l'avoir physiquement.<\/p><p>3.3 En cas de r\u00e9trofacturation d'un paiement par carte de cr\u00e9dit\/paypal, dont la cause n'est pas due \u00e0 une erreur directement imputable \u00e0 Sanbiotec Consulting, S.L., le client se verra facturer des frais suppl\u00e9mentaires de 5% sur la valeur du montant retourn\u00e9, ce qui compensera les co\u00fbts encourus \u00e0 la fois pour les frais bancaires et la gestion de l'encaissement. Ce montant sera factur\u00e9 au client dans les termes et formes que Sanbiotec Consulting, S.L. jugera appropri\u00e9s.<\/p><p>3.4 Dans tous les cas, Sanbiotec Consulting, S.L. se r\u00e9serve toujours le droit de refuser une commande ou de modifier la forme ou le type de paiement qu'elle juge appropri\u00e9.<\/p><p>3.5 FORMES DE PAIEMENT :<br \/>Le paiement sera toujours effectu\u00e9 en EUROS et sans frais bancaires ou autres frais de transaction.<\/p><p>3.5.1 D\u00e9p\u00f4ts ou virements bancaires effectu\u00e9s \u00e0 partir de l'Espagne.<\/p><p>3.5.1.1 Le client doit effectuer le virement ou le d\u00e9p\u00f4t du cr\u00e9dit correspondant sur le num\u00e9ro de compte bancaire fourni lors de la commande.<\/p><p>3.5.1.2 Au moment du paiement, il est important que vous indiquiez dans le concept ou l'objet du document bancaire le num\u00e9ro de commande qui vous a \u00e9t\u00e9 attribu\u00e9. Vous devez effectuer le d\u00e9p\u00f4t ou le virement dans les 48 heures suivant la commande, faute de quoi votre r\u00e9servation expirera.<\/p><p>3.5.1.3 Pour le processus de v\u00e9rification du paiement, vous devez nous envoyer la preuve bancaire du paiement par e-mail \u00e0 info@equinecode.com ou par WhatsApp +34 673000981. Dans tous les cas, la commande ne sera pas consid\u00e9r\u00e9e comme effective tant que notre service de gestion n'aura pas re\u00e7u la confirmation bancaire du paiement, puis la commande sera trait\u00e9e.<\/p><p>3.5.1.4 Le paiement du montant de l'achat doit \u00eatre re\u00e7u par Sanbiotec Consulting, S.L. sans frais bancaires ou autres d\u00e9penses d\u00e9riv\u00e9es de la transaction.<\/p><p>3.5.2 Transferts effectu\u00e9s \u00e0 partir d'un pays autre que l'Espagne.<\/p><p>3.5.2.1 Outre les dispositions du paragraphe pr\u00e9c\u00e9dent, vous devez tenir compte du fait que vous devez payer vos achats en EUROS et que les \u00e9ventuels frais bancaires de change sont \u00e0 la charge du client.<\/p><p>3.5.2.2 Lors de la commande de votre transfert international, le client doit toujours indiquer \u00e0 votre banque qu'il sera responsable des frais bancaires et des d\u00e9penses d\u00e9coulant de la transaction. Dans le cas contraire, Sanbiotec Consulting, S.L. pourrait interrompre l'envoi de votre commande en ne recevant pas le montant total de celle-ci.<\/p><p>3.5.3 Paiements Stripe<\/p><p>3.5.3.1 Il s'agit d'une forme de paiement par carte sur Internet. Dans ce type de paiement en ligne, le client introduit les donn\u00e9es de sa carte au moment de l'achat.<\/p><p>3.5.3.2 Il s'agit d'une m\u00e9thode de paiement s\u00e9curis\u00e9e. Il sera effectu\u00e9 de mani\u00e8re directe, l\u00e9gitime et s\u00fbre, tout en pr\u00e9servant \u00e0 tout moment la confidentialit\u00e9 des informations relatives \u00e0 la carte.<\/p><p>3.5.3.3 La fraude \u00e0 la carte de cr\u00e9dit est un d\u00e9lit p\u00e9nal et Sanbiotec Consulting, S.L., engagera des poursuites judiciaires contre toute personne qui effectue ou tente d'effectuer une transaction frauduleuse ou une escroquerie.<\/p><p>3.6.4 Paiement via PAY-PAL<\/p><p>3.6.4.1 Le client peut choisir ce mode de paiement pour r\u00e9gler ses achats. Ce faisant, il sera connect\u00e9 \u00e0 l'environnement Paypal afin de pouvoir s'identifier en tant qu'utilisateur et effectuer le paiement. De m\u00eame, si le client n'a pas de compte Paypal, il peut utiliser la passerelle de paiement Paypal pour effectuer le paiement par carte de cr\u00e9dit.<\/p><p>3.6.4.2 La fraude \u00e0 la carte de cr\u00e9dit est un d\u00e9lit p\u00e9nal et Sanbiotec Consulting, S.L., engagera des poursuites judiciaires contre toute personne qui effectue ou tente d'effectuer une transaction frauduleuse ou une escroquerie.<\/p><p><strong>4. EXP\u00c9DITIONS ET D\u00c9LAIS DE LIVRAISON<\/strong><br \/>4.1 Le lieu de destination choisi par le Client pour recevoir le Kit d\u00e9terminera le d\u00e9lai qui s'\u00e9coulera entre la r\u00e9ception de la confirmation du paiement et la date de r\u00e9ception du Kit. Le d\u00e9lai de livraison estim\u00e9 est de 3 \u00e0 4 jours pour les pays europ\u00e9ens et de 7 \u00e0 10 jours pour les autres pays.<\/p><p>4.2 Sur les pages web de www.equinecode.com, nous indiquons le d\u00e9lai indicatif de livraison de chaque article, qui doit toujours \u00eatre consid\u00e9r\u00e9 \u00e0 toutes fins utiles comme purement informatif, exemptant Sanbiotec Consulting, S.L. de toute responsabilit\u00e9 dans le cas o\u00f9 il ne serait pas respect\u00e9.<\/p><p>4.3 En aucun cas, un retard dans la r\u00e9ception d'une commande ne peut justifier l'annulation de la commande ou une demande d'indemnisation de la part du client ou de tiers.<\/p><p>4.4 Les d\u00e9lais indicatifs indiqu\u00e9s pour la livraison du Kit au client commenceront toujours \u00e0 compter de la r\u00e9ception par Sanbiotec Consulting, S.L. de la confirmation effective du paiement des montants totaux, de sorte que jusqu'\u00e0 ce moment-l\u00e0 ne commencera pas \u00e0 g\u00e9rer la commande. Si la r\u00e9ception ou l'acceptation est re\u00e7ue apr\u00e8s 18h00, la commande sera trait\u00e9e \u00e0 partir du jour suivant.<\/p><p>4.5 Les commandes pass\u00e9es le vendredi apr\u00e8s 18 heures seront trait\u00e9es \u00e0 partir du lundi de la semaine suivante. Les commandes pass\u00e9es le week-end ou les jours f\u00e9ri\u00e9s seront trait\u00e9es le premier jour ouvrable de la semaine suivante.<\/p><p>4.6 Le d\u00e9lai de livraison d\u00e9crit ci-dessus s'applique dans le cas o\u00f9 le client ne peut \u00eatre joint au lieu et \u00e0 l'heure qu'il a indiqu\u00e9s, auquel cas l'article est r\u00e9put\u00e9 avoir \u00e9t\u00e9 livr\u00e9 s'il n'est pas \u00e0 l'adresse \u00e0 la date et au lieu de livraison indiqu\u00e9s.<\/p><p>4.7 Le Client recevra le r\u00e9sultat de l'analyse de l'\u00e9chantillon dans un d\u00e9lai d'environ 1 mois, qui commencera toujours \u00e0 compter de la r\u00e9ception par Sanbiotec Consulting, S.L. de l'\u00e9chantillon pr\u00e9lev\u00e9 par le Client.<\/p><p>4.8 Ces d\u00e9lais sont donn\u00e9s \u00e0 titre indicatif et Sanbiotec Consulting, S.L. s'efforcera de les respecter dans la mesure du possible.<\/p><p>4.9 Toute clause de p\u00e9nalit\u00e9 de retard introduite par le client dans sa commande devient nulle et non avenue d\u00e8s l'acceptation des pr\u00e9sentes conditions g\u00e9n\u00e9rales d'achat.<\/p><p>4.10 La livraison est r\u00e9put\u00e9e avoir eu lieu lorsque le r\u00e9sultat a \u00e9t\u00e9 mis \u00e0 la disposition du Client, par courrier \u00e9lectronique et par l'interm\u00e9diaire de l'acc\u00e8s priv\u00e9 \u00e0 son compte sur le site www.equinecode.com.<\/p><p>4.11 Si vous avez des questions, n'h\u00e9sitez pas \u00e0 nous envoyer un e-mail \u00e0 info@equinecode.com ou \u00e0 nous appeler au + 34 673000981.<\/p><p><strong>5. GARANTIES ET R\u00c9SERVES<\/strong><br \/>5.1 Sanbiotec Consulting, S.L. d\u00e9clare et garantit qu'elle est en mesure de vendre les services par le biais de son site Web www.equinecode.com et qu'elle dispose des moyens suffisants (tant en termes d'\u00e9quipement technique que de disponibilit\u00e9 des services) pour l'ensemble du processus de vente.<\/p><p>5.2 Sanbiotec Consulting, S.L. s'efforce d'assurer l'exactitude des informations figurant sur ses pages Web ou ses documents, mais ne peut garantir l'exactitude des descriptions.<\/p><p>5.3 Sanbiotec Consulting, S.L. accorde des garanties sur les r\u00e9sultats qui peuvent \u00eatre obtenus \u00e0 partir de l'analyse de l'\u00e9chantillon pr\u00e9lev\u00e9 par le client.<\/p><p>5.4 Sanbiotec Consulting, S.L. n'est pas responsable si le r\u00e9sultat obtenu \u00e0 partir de l'\u00e9chantillon pr\u00e9lev\u00e9 n'est pas conforme aux attentes du client.<\/p><p>5.5 Sanbiotec Consulting, S.L. n'est pas responsable des r\u00e9sultats inexacts de l'analyse si l'\u00e9chantillon n'est pas pr\u00e9lev\u00e9 conform\u00e9ment aux instructions d\u00e9taill\u00e9es fournies dans le kit de collecte.<\/p><p>5.6 Sanbiotec Consulting, S.L. garantit que les transactions d'information r\u00e9alis\u00e9es \u00e0 travers les formulaires de ses pages de commande sont totalement s\u00e9curis\u00e9es dans le cadre technologique actuel. Dans les formulaires d'achat, toutes les op\u00e9rations impliquant la transmission de donn\u00e9es personnelles sont effectu\u00e9es dans un environnement s\u00e9curis\u00e9.<\/p><p>5.7 Outre le rappel de l'existence d'une garantie l\u00e9gale de conformit\u00e9 des biens, l'existence et les conditions des services apr\u00e8s-vente et des garanties commerciales.<\/p><p>REMARQUE : Pour nous aider \u00e0 am\u00e9liorer notre service. Le service client\u00e8le dispose d'un service apr\u00e8s-vente pour r\u00e9soudre tout probl\u00e8me li\u00e9 \u00e0 nos articles ou \u00e0 nos envois. Nous nous effor\u00e7ons de vous offrir un service rapide et efficace.<\/p><p><strong>6. RETOURS, RETRAITS ET ANNULATIONS.<\/strong><br \/>6.1 Droit de r\u00e9tractation. Le droit de r\u00e9tractation n'est pas applicable \u00e0 ce service, conform\u00e9ment au d\u00e9cret-loi royal 1\/2007, du 16 novembre, qui approuve le texte r\u00e9vis\u00e9 de la loi g\u00e9n\u00e9rale pour la d\u00e9fense des consommateurs et des utilisateurs et d'autres lois compl\u00e9mentaires, dans son article 103. Exceptions au droit de r\u00e9tractation.<\/p><p>Le droit de r\u00e9tractation ne s'applique pas aux contrats portant sur :<\/p><p>a) La prestation de services, une fois le service pleinement ex\u00e9cut\u00e9, lorsque l'ex\u00e9cution a commenc\u00e9, avec le consentement pr\u00e9alable expr\u00e8s du consommateur et de l'utilisateur et avec sa reconnaissance du fait qu'il est conscient qu'une fois le contrat pleinement ex\u00e9cut\u00e9 par le professionnel, il aura perdu son droit de r\u00e9tractation.<\/p><p>6.2 En cas d'annulation du service, le client doit en faire la demande en nous envoyant un e-mail \u00e0 info@equinecode.com ou en nous appelant au +34 673000981, si le kit de pr\u00e9l\u00e8vement d'\u00e9chantillons n'a pas encore \u00e9t\u00e9 envoy\u00e9, le service peut \u00eatre annul\u00e9 et le montant de l'achat sera rembours\u00e9 dans un d\u00e9lai maximum de 14 jours \u00e0 compter de la notification de l'annulation de la commande, de la m\u00eame mani\u00e8re que le paiement a \u00e9t\u00e9 effectu\u00e9.<\/p><p><strong>7. LES RESPONSABILIT\u00c9S<\/strong><\/p><p>7.1 Sanbiotec Consulting, S.L. n'est pas responsable de ce qui est exclusivement imputable au client.<\/p><p>7.2 Sanbiotec Consulting, S.L. ne peut garantir la disponibilit\u00e9 permanente et les d\u00e9lais de livraison des services offerts sur son site Web. Le client accepte d'assumer, dans des limites raisonnables, les retards dans la disponibilit\u00e9 du service si ces situations se produisent.<\/p><p>7.3 Sanbiotec Consulting, S.L. partage le travail du processus de vente et de distribution de ses services avec d'autres fournisseurs (transport...etc.), de sorte que si un probl\u00e8me ou un retard survient dans ce processus, Sanbiotec Consulting, S.L. n'en sera en aucun cas tenu pour responsable.<\/p><p>7.4 Par cons\u00e9quent, en acceptant les pr\u00e9sentes conditions d'achat, le client renonce express\u00e9ment \u00e0 toute responsabilit\u00e9, contractuelle ou extracontractuelle, \u00e0 l'\u00e9gard de Sanbiotec Consulting, S.L. pour d'\u00e9ventuels probl\u00e8mes, retards de livraison ou annulations d'achats, le cas \u00e9ch\u00e9ant.<\/p><p>7.5 Sanbiotec Consulting, S.L. d\u00e9cline toute responsabilit\u00e9 d\u00e9coulant de la vente de ses services, de l'incapacit\u00e9 \u00e0 r\u00e9pondre aux attentes du client ou de tout autre dommage caus\u00e9 au client ou \u00e0 des tiers.<\/p><p>7.6 L'utilisation que le client fait des r\u00e9sultats obtenus rel\u00e8ve de la seule responsabilit\u00e9 du client, de sorte que Sanbiotec Consulting, S.L. n'est en aucun cas responsable (directement ou indirectement) des dommages directs ou indirects que le client peut causer \u00e0 lui-m\u00eame ou \u00e0 des tiers \u00e0 la suite d'une telle utilisation.<\/p><p>7.7 Le client exon\u00e8re express\u00e9ment Sanbiotec Consulting, S.L. de toute responsabilit\u00e9 d\u00e9coulant de l'utilisation des r\u00e9sultats obtenus lors de l'analyse de l'\u00e9chantillon.<\/p><p>7.8 En aucun cas Sanbiotec Consulting, S.L., les directeurs, les cadres sup\u00e9rieurs, les administrateurs, les actionnaires, les agents ou les employ\u00e9s de Sanbiotec Consulting, S.L. ne peuvent \u00eatre tenus responsables de toute cause directe ou indirecte li\u00e9e \u00e0 l'utilisation faite par le client des r\u00e9sultats obtenus.<\/p><p><strong>8. COMMUNICATIONS<\/strong><br \/>8.1 Le client s'engage \u00e0 ce que l'adresse \u00e9lectronique et le num\u00e9ro de t\u00e9l\u00e9phone portable fournis dans la commande soient toujours op\u00e9rationnels, actifs et mis \u00e0 jour pour une communication fluide avec Sanbiotec Consulting, S.L., \u00e9tant donn\u00e9 qu'il s'agit du moyen de communication privil\u00e9gi\u00e9 par Sanbiotec Consulting, S.L. pour une gestion fluide et agile du processus de gestion des ventes.<\/p><p>8.2 Si le client souhaite modifier l'adresse \u00e9lectronique ou le num\u00e9ro de t\u00e9l\u00e9phone portable qu'il a fourni lors de l'achat, il doit le faire par courrier \u00e9lectronique, en respectant les conditions de s\u00e9curit\u00e9 exig\u00e9es par Sanbiotec Consulting, S.L. pour v\u00e9rifier la l\u00e9gitimit\u00e9 de la demande, de sorte qu'\u00e0 aucun moment la communication entre les deux parties ne soit interrompue.<\/p><p>8.3 Le client est enti\u00e8rement responsable des cons\u00e9quences que le manque d'op\u00e9rabilit\u00e9 de son adresse \u00e9lectronique ou de son num\u00e9ro de t\u00e9l\u00e9phone portable ou que l'absence de communication pour la mise \u00e0 jour de ces donn\u00e9es dans nos registres peut produire.<\/p><p>8.4 Dans le cas o\u00f9 le client se voit attribuer des donn\u00e9es individuelles d'enregistrement et d'authentification pour l'acc\u00e8s l\u00e9gitime aux sites Web de Sanbiotec Consulting, S.L. (telles que des noms d'utilisateur, des cl\u00e9s ou des mots de passe), le client sera le seul responsable de leur utilisation, de leur protection et du maintien de leur confidentialit\u00e9. L'utilisation de ces identifiants et leur communication \u00e0 des tiers se feront sous l'enti\u00e8re responsabilit\u00e9 du client, ce dernier \u00e9tant responsable en dernier ressort des achats, communications ou actions r\u00e9alis\u00e9s \u00e0 l'aide de ces donn\u00e9es.<\/p><p><strong>9. INFORMATIONS JURIDIQUES<\/strong><\/p><p>9.1 Le client de moins de 14 ans a besoin du consentement de ses parents, tuteurs ou repr\u00e9sentants l\u00e9gaux pour effectuer un achat sur www.equinecode.com. Le client reconna\u00eet qu'il a plus de 14 ans ou qu'il dispose du consentement correspondant de ses parents, tuteurs ou repr\u00e9sentants l\u00e9gaux pour effectuer des achats et des paiements sur les pages de Sanbiotec Consulting, S.L..<\/p><p>9.2 Le client indemnisera Sanbiotec Consulting, S.L. pour tous les co\u00fbts qui pourraient survenir en cas d'accusation par le client (ou par des tiers li\u00e9s au client \u00e0 la suite de l'achat), dans tous les cas pour lesquels le client n'est pas directement responsable, y compris dans cette indemnisation les honoraires et les frais des avocats de Sanbiotec Consulting, S.L., m\u00eame si la d\u00e9cision de justice n'est pas d\u00e9finitive.<\/p><p>9.3 Pour toutes les questions non pr\u00e9vues dans le pr\u00e9sent document, ainsi que pour l'interpr\u00e9tation et la r\u00e9solution des conflits pouvant survenir entre les parties en raison du pr\u00e9sent document, la loi espagnole s'appliquera.<\/p><p>9.4 Si un litige ou un diff\u00e9rend survient entre l'acheteur et le vendeur dans l'interpr\u00e9tation et l'ex\u00e9cution du pr\u00e9sent document et qu'il n'est pas r\u00e9solu par accord mutuel, il sera r\u00e9solu \u00e0 la demande de l'une des parties et apr\u00e8s notification \u00e9crite \u00e0 l'autre, par arbitrage.<\/p><p>9.5 Le client a la possibilit\u00e9 de r\u00e9soudre d'\u00e9ventuels incidents li\u00e9s \u00e0 l'achat d'un article via le lien vers la plateforme ODR (Online Dispute Resolution) https:\/\/ec.europa.eu\/consumers\/odr\/main\/index.cfm?event=main.home2.show&amp;lng=ES.<\/p><p>9.6 Les pr\u00e9sentes conditions g\u00e9n\u00e9rales sont r\u00e9gies par le droit espagnol.<\/p><p>Les parties se soumettent, pour la r\u00e9solution des conflits \u00e9ventuels, aux cours et tribunaux du domicile de l'utilisateur, du lieu d'ex\u00e9cution de l'obligation ou du lieu o\u00f9 se trouve le bien s'il s'agit d'un immeuble.<\/p>\t\t\t\t\t\t\t\t<\/div>\n\t\t\t\t<\/div>\n\t\t\t\t\t<\/div>\n\t\t\t\t<\/div>\n\t\t\t\t<\/div>","protected":false},"excerpt":{"rendered":"<p>Condiciones generales de compra Todas las compras que se realicen en nuestro sitio web (a partir de ahora www.equinecode.com) por parte del cliente (a partir de ahora \u00abel Cliente\u00bb) estar\u00e1n sujetas a las Condiciones Generales de Compra expuestas en el presente documento. Si alg\u00fan aspecto de la compra no estuviera contemplado en el mismo, \u00e9ste [&hellip;]<\/p>\n","protected":false},"author":1,"featured_media":0,"parent":0,"menu_order":0,"comment_status":"closed","ping_status":"closed","template":"elementor_header_footer","meta":{"_acf_changed":false,"_joinchat":[],"footnotes":""},"class_list":["post-289","page","type-page","status-publish","hentry"],"acf":[],"_links":{"self":[{"href":"https:\/\/equinecode.com\/fr\/wp-json\/wp\/v2\/pages\/289","targetHints":{"allow":["GET"]}}],"collection":[{"href":"https:\/\/equinecode.com\/fr\/wp-json\/wp\/v2\/pages"}],"about":[{"href":"https:\/\/equinecode.com\/fr\/wp-json\/wp\/v2\/types\/page"}],"author":[{"embeddable":true,"href":"https:\/\/equinecode.com\/fr\/wp-json\/wp\/v2\/users\/1"}],"replies":[{"embeddable":true,"href":"https:\/\/equinecode.com\/fr\/wp-json\/wp\/v2\/comments?post=289"}],"version-history":[{"count":4,"href":"https:\/\/equinecode.com\/fr\/wp-json\/wp\/v2\/pages\/289\/revisions"}],"predecessor-version":[{"id":293,"href":"https:\/\/equinecode.com\/fr\/wp-json\/wp\/v2\/pages\/289\/revisions\/293"}],"wp:attachment":[{"href":"https:\/\/equinecode.com\/fr\/wp-json\/wp\/v2\/media?parent=289"}],"curies":[{"name":"wp","href":"https:\/\/api.w.org\/{rel}","templated":true}]}}