{"id":295,"date":"2024-03-14T16:37:12","date_gmt":"2024-03-14T15:37:12","guid":{"rendered":"https:\/\/equinecode.com\/?page_id=295"},"modified":"2024-03-20T15:37:19","modified_gmt":"2024-03-20T14:37:19","slug":"politica-de-privacidad-formulario-web","status":"publish","type":"page","link":"https:\/\/equinecode.com\/fr\/politica-de-privacidad-formulario-web","title":{"rendered":"Formulaire web sur la politique de confidentialit\u00e9"},"content":{"rendered":"<div data-elementor-type=\"wp-page\" data-elementor-id=\"295\" class=\"elementor elementor-295\" data-elementor-post-type=\"page\">\n\t\t\t\t<div class=\"elementor-element elementor-element-4b8d76c e-flex e-con-boxed e-con e-parent\" data-id=\"4b8d76c\" data-element_type=\"container\" data-e-type=\"container\">\n\t\t\t\t\t<div class=\"e-con-inner\">\n\t\t\t\t<div class=\"elementor-element elementor-element-2a2c43e elementor-widget elementor-widget-heading\" data-id=\"2a2c43e\" data-element_type=\"widget\" data-e-type=\"widget\" data-widget_type=\"heading.default\">\n\t\t\t\t<div class=\"elementor-widget-container\">\n\t\t\t\t\t<h1 class=\"elementor-heading-title elementor-size-default\">Formulaire web sur la politique de confidentialit\u00e9<\/h1>\t\t\t\t<\/div>\n\t\t\t\t<\/div>\n\t\t\t\t<div class=\"elementor-element elementor-element-6c6fba1 elementor-widget elementor-widget-text-editor\" data-id=\"6c6fba1\" data-element_type=\"widget\" data-e-type=\"widget\" data-widget_type=\"text-editor.default\">\n\t\t\t\t<div class=\"elementor-widget-container\">\n\t\t\t\t\t\t\t\t\t<p><strong>Contr\u00f4leur de donn\u00e9es : \u00a0\u00a0<\/strong><\/p><p>Sanbiotec Consulting, S.L. avec CIF : B-19679315 et adresse postale : Plaza Rafael Alberti, n\u00ba7.18630.Otura. Grenade. Grenade, Espagne. T\u00e9l\u00e9phone : +34 673000981. Courriel : info@equinecode.com<\/p><p><strong>D\u00e9l\u00e9gu\u00e9 \u00e0 la protection des donn\u00e9es :\u00a0\u00a0 \u00a0\u00a0\u00a0<\/strong><\/p><p>Datasur Protecci\u00f3n de Datos, S.L.<\/p><p>T\u00e9l. 958 958230, E-mail : <a href=\"mailto:dpd@data-sur.com\">dpd@data-sur.com<\/a>. Chat : <a href=\"https:\/\/www.data-sur.com\/\" target=\"_blank\" rel=\"noopener\">https:\/\/www.data-sur.com\/<\/a><\/p><p><strong>Objet :\u00a0\u00a0 <\/strong><\/p><p>\u00a0\u00a0\u00a0\u00a0\u00a0\u00a0\u00a0\u00a0\u00a0\u00a0\u00a0 Chez equinecode.com, nous traitons les informations que vous nous fournissez conform\u00e9ment au R\u00e8glement g\u00e9n\u00e9ral sur la protection des donn\u00e9es et \u00e0 la Loi organique relative \u00e0 la protection des donn\u00e9es \u00e0 caract\u00e8re personnel et \u00e0 la garantie des droits num\u00e9riques, afin de g\u00e9rer les services ou les produits que nous fournissons ou que vous nous demandez par l'interm\u00e9diaire du site Web. Toutes les donn\u00e9es demand\u00e9es (nom, e-mail, et celles incluses dans la demande) sont strictement n\u00e9cessaires \u00e0 la gestion des demandes effectu\u00e9es, y compris l'existence d'\u00e9ventuelles d\u00e9cisions automatis\u00e9es, et en aucun cas le profilage. \u00a0\u00a0\u00a0\u00a0\u00a0\u00a0\u00a0<\/p><p><strong>Stockage :<\/strong><\/p><p>\u00a0\u00a0\u00a0\u00a0\u00a0\u00a0\u00a0\u00a0\u00a0\u00a0\u00a0 Vos donn\u00e9es personnelles seront stock\u00e9es dans le registre des activit\u00e9s de traitement : formulaires de contact Web. La finalit\u00e9 de ce traitement est la gestion des demandes re\u00e7ues par le biais des formulaires de contact du site web par les utilisateurs.<\/p><p><strong>Conservation :<\/strong><\/p><p>\u00a0\u00a0\u00a0\u00a0\u00a0\u00a0\u00a0\u00a0\u00a0\u00a0\u00a0 Les donn\u00e9es fournies seront conserv\u00e9es pendant la dur\u00e9e n\u00e9cessaire pour traiter et r\u00e9pondre \u00e0 la demande, pour atteindre l'objectif pour lequel elles ont \u00e9t\u00e9 collect\u00e9es ou pendant les ann\u00e9es n\u00e9cessaires pour se conformer aux obligations l\u00e9gales.<\/p><p><strong>Communication et transfert internationaux :<\/strong><\/p><p>\u00a0\u00a0\u00a0\u00a0\u00a0\u00a0\u00a0\u00a0\u00a0\u00a0\u00a0 Les donn\u00e9es ne seront pas transf\u00e9r\u00e9es \u00e0 des tiers, sauf en cas d'obligation l\u00e9gale et de n\u00e9cessit\u00e9 pour la fourniture des services offerts, et les transferts internationaux de donn\u00e9es ne sont pas pr\u00e9vus.<\/p><p><strong>L\u00e9gitimation :<\/strong><\/p><p>\u00a0\u00a0\u00a0\u00a0\u00a0\u00a0\u00a0\u00a0\u00a0\u00a0\u00a0 Le traitement de vos donn\u00e9es est l\u00e9gitim\u00e9 par le consentement explicite de la personne concern\u00e9e, qui les soumet volontairement par le biais du formulaire au moyen d'une action affirmative claire.<\/p><p><strong>L'\u00e2ge :\u00a0 <\/strong><\/p><p>\u00a0\u00a0\u00a0\u00a0\u00a0\u00a0\u00a0\u00a0\u00a0\u00a0\u00a0 Les utilisateurs de moins de 14 ans doivent obtenir le consentement de leurs parents, tuteurs ou repr\u00e9sentants l\u00e9gaux pour effectuer une demande de renseignements \u00e0 l'aide du formulaire. L'utilisateur reconna\u00eet qu'il a plus de 14 ans ou qu'il dispose du consentement correspondant de ses parents, tuteurs ou repr\u00e9sentants l\u00e9gaux pour effectuer la demande.\u00a0\u00a0\u00a0\u00a0\u00a0<\/p><p><strong>Les droits :<\/strong><\/p><p>\u00a0\u00a0\u00a0\u00a0\u00a0\u00a0\u00a0\u00a0\u00a0\u00a0\u00a0 Vous avez le droit d'obtenir la confirmation que Sanbiotec Consulting, S.L. traite vos donn\u00e9es personnelles, vous avez donc le droit d'acc\u00e9der \u00e0 vos donn\u00e9es personnelles, de rectifier les donn\u00e9es inexactes ou de demander leur suppression lorsque les donn\u00e9es ne sont plus n\u00e9cessaires, ainsi que le droit de limiter ou de s'opposer \u00e0 leur traitement, la portabilit\u00e9 des donn\u00e9es et de retirer le consentement accept\u00e9 pour le traitement de vos donn\u00e9es et m\u00eame d'introduire une plainte aupr\u00e8s de l'Agence Espagnole de Protection des Donn\u00e9es (<a href=\"https:\/\/www.aepd.es\/\" target=\"_blank\" rel=\"noopener\">https:\/\/www.aepd.es\/<\/a>).<\/p><p><strong>Communications commerciales : <\/strong><\/p><p>\u00a0\u00a0\u00a0\u00a0\u00a0\u00a0\u00a0\u00a0\u00a0\u00a0\u00a0 En ce qui concerne les communications commerciales, Sanbiotec Consulting, S.L. s'engage \u00e0 NE PAS ENVOYER DE COMMUNICATIONS COMMERCIALES SANS LES IDENTIFIER COMME TELLES, conform\u00e9ment aux dispositions de la loi 34\/2002 sur les services de la soci\u00e9t\u00e9 de l'information et le commerce \u00e9lectronique. Toutes les informations envoy\u00e9es \u00e0 l'utilisateur du portail de Sanbiotec Consulting, S.L. ne seront pas consid\u00e9r\u00e9es comme des communications commerciales. \u00c0 condition que son objectif soit de maintenir la relation contractuelle existante entre l'utilisateur et Sanbiotec Consulting, S.L., ainsi que l'ex\u00e9cution des t\u00e2ches d'information, de formation et d'autres activit\u00e9s du service que le client\/utilisateur peut avoir contract\u00e9 avec l'entit\u00e9.<\/p><p>Sanbiotec Consulting, S.L., s'engage \u00e0 NE PAS FAIRE DE PUBLICIT\u00c9 MENSONG\u00c8RE. \u00c0 ces fins, ne seront donc pas consid\u00e9r\u00e9es comme de la publicit\u00e9 mensong\u00e8re les erreurs formelles ou num\u00e9riques qui peuvent \u00eatre trouv\u00e9es dans le contenu des diff\u00e9rentes sections du site Web de Sanbiotec Consulting, S.L., produites \u00e0 la suite d'une maintenance et\/ou d'une mise \u00e0 jour incompl\u00e8te ou d\u00e9fectueuse de l'information contenue dans ces sections. Sanbiotec Consulting, S.L., en cons\u00e9quence des dispositions du pr\u00e9sent article, se r\u00e9serve le droit de modifier les informations contenues dans ces sections.\u00a0 \u00a0<\/p><p>\u00a9 \u00ae <em>Ce texte est prot\u00e9g\u00e9 par le droit d'auteur et nous nous r\u00e9servons le droit d'intenter une action en justice en cas d'utilisation non autoris\u00e9e.<\/em><\/p>\t\t\t\t\t\t\t\t<\/div>\n\t\t\t\t<\/div>\n\t\t\t\t\t<\/div>\n\t\t\t\t<\/div>\n\t\t\t\t<\/div>","protected":false},"excerpt":{"rendered":"<p>Pol\u00edtica de Privacidad formulario web Responsable de Tratamiento: \u00a0\u00a0 Sanbiotec Consulting, S.L. con CIF: B-19679315 y direcci\u00f3n postal: Plaza Rafael Alberti, n\u00ba7.18630.Otura. Granada. Espa\u00f1a. Tel\u00e9fono: +34 673000981. E-mail: info@equinecode.com Delegado de Protecci\u00f3n de Datos:\u00a0\u00a0 \u00a0\u00a0\u00a0 Datasur Protecci\u00f3n de Datos, S.L. Telf.: 958 958230. E-mail: dpd@data-sur.com. Chat: https:\/\/www.data-sur.com\/ Finalidad:\u00a0\u00a0 \u00a0\u00a0\u00a0\u00a0\u00a0\u00a0\u00a0\u00a0\u00a0\u00a0\u00a0 En \u00a0equinecode.com tratamos la informaci\u00f3n que [&hellip;]<\/p>\n","protected":false},"author":1,"featured_media":0,"parent":0,"menu_order":0,"comment_status":"closed","ping_status":"closed","template":"elementor_header_footer","meta":{"_acf_changed":false,"_joinchat":[],"footnotes":""},"class_list":["post-295","page","type-page","status-publish","hentry"],"acf":[],"_links":{"self":[{"href":"https:\/\/equinecode.com\/fr\/wp-json\/wp\/v2\/pages\/295","targetHints":{"allow":["GET"]}}],"collection":[{"href":"https:\/\/equinecode.com\/fr\/wp-json\/wp\/v2\/pages"}],"about":[{"href":"https:\/\/equinecode.com\/fr\/wp-json\/wp\/v2\/types\/page"}],"author":[{"embeddable":true,"href":"https:\/\/equinecode.com\/fr\/wp-json\/wp\/v2\/users\/1"}],"replies":[{"embeddable":true,"href":"https:\/\/equinecode.com\/fr\/wp-json\/wp\/v2\/comments?post=295"}],"version-history":[{"count":7,"href":"https:\/\/equinecode.com\/fr\/wp-json\/wp\/v2\/pages\/295\/revisions"}],"predecessor-version":[{"id":402,"href":"https:\/\/equinecode.com\/fr\/wp-json\/wp\/v2\/pages\/295\/revisions\/402"}],"wp:attachment":[{"href":"https:\/\/equinecode.com\/fr\/wp-json\/wp\/v2\/media?parent=295"}],"curies":[{"name":"wp","href":"https:\/\/api.w.org\/{rel}","templated":true}]}}