{"id":305,"date":"2024-03-14T16:41:24","date_gmt":"2024-03-14T15:41:24","guid":{"rendered":"https:\/\/equinecode.com\/?page_id=305"},"modified":"2024-03-14T16:42:37","modified_gmt":"2024-03-14T15:42:37","slug":"condiciones-de-uso-web","status":"publish","type":"page","link":"https:\/\/equinecode.com\/fr\/condiciones-de-uso-web","title":{"rendered":"Conditions d'utilisation"},"content":{"rendered":"<div data-elementor-type=\"wp-page\" data-elementor-id=\"305\" class=\"elementor elementor-305\" data-elementor-post-type=\"page\">\n\t\t\t\t<div class=\"elementor-element elementor-element-1781ee6 e-flex e-con-boxed e-con e-parent\" data-id=\"1781ee6\" data-element_type=\"container\" data-e-type=\"container\">\n\t\t\t\t\t<div class=\"e-con-inner\">\n\t\t\t\t<div class=\"elementor-element elementor-element-fc11cea elementor-widget elementor-widget-heading\" data-id=\"fc11cea\" data-element_type=\"widget\" data-e-type=\"widget\" data-widget_type=\"heading.default\">\n\t\t\t\t<div class=\"elementor-widget-container\">\n\t\t\t\t\t<h1 class=\"elementor-heading-title elementor-size-default\">Conditions d'utilisation<\/h1>\t\t\t\t<\/div>\n\t\t\t\t<\/div>\n\t\t\t\t<div class=\"elementor-element elementor-element-72e8bb3 elementor-widget elementor-widget-text-editor\" data-id=\"72e8bb3\" data-element_type=\"widget\" data-e-type=\"widget\" data-widget_type=\"text-editor.default\">\n\t\t\t\t<div class=\"elementor-widget-container\">\n\t\t\t\t\t\t\t\t\t<p>Il s'agit des termes et conditions avec lesquels vous (l'utilisateur) et Sanbiotec Consulting, S.L., r\u00e9glez l'utilisation et la jouissance du site web de Sanbiotec Consulting, S.L. Le fait d'\u00eatre utilisateur du site web sanbiotec.com implique que vous consentez express\u00e9ment \u00e0 ces conditions et \u00e0 ce qui d\u00e9coule de la r\u00e9glementation l\u00e9gale applicable dans ce domaine. Si vous n'\u00eates pas d'accord avec ces conditions, veuillez ne pas continuer \u00e0 utiliser ce site Web.<\/p><p>\u00a0\u00a0\u00a0\u00a0\u00a0\u00a0\u00a0\u00a0\u00a0\u00a0\u00a0<strong> 1.- OBJET DU SITE WEB.<\/strong>\u00a0\u00a0<\/p><p>\u00a0\u00a0\u00a0\u00a0\u00a0\u00a0\u00a0\u00a0\u00a0\u00a0\u00a0 Le site web de Sanbiotec Consulting, S.L. (ci-apr\u00e8s le site web) a \u00e9t\u00e9 cr\u00e9\u00e9 dans un but purement informatif pour ses utilisateurs, qui disposent d'une information offerte gratuitement et accessible \u00e0 tous sans qu'il soit n\u00e9cessaire de payer un quelconque montant \u00e0 tout moment de l'acc\u00e8s. C'est notamment dans ce cadre que Sanbiotec Consulting, S.L. souhaite \u00e9tablir les pr\u00e9sentes conditions et limitations d'utilisation, qui s'\u00e9tendent et s'ajoutent \u00e0 toutes les clauses compl\u00e9mentaires et non contradictoires \u00e0 celles qui peuvent couvrir d'autres parties du site Web soumises \u00e0 des conditions g\u00e9n\u00e9rales et\/ou particuli\u00e8res.<\/p><p>Inclure des \" conditions sp\u00e9ciales \" dans le cas o\u00f9 elles sont n\u00e9cessaires pour des services sp\u00e9cifiques. Ces \"conditions sp\u00e9ciales\" doivent \u00eatre mises \u00e0 la disposition de l'utilisateur de mani\u00e8re fiable par tout moyen et approuv\u00e9es sp\u00e9cifiquement par l'utilisateur, avant que les deux parties ne les consid\u00e8rent comme accept\u00e9es et n'agissent en cons\u00e9quence.<\/p><p>\u00a0\u00a0\u00a0\u00a0\u00a0\u00a0\u00a0\u00a0\u00a0\u00a0\u00a0 <strong>LIMITES D'UTILISATION ET DE PROTECTION DES INFORMATIONS ET DU CONTENU DE sanbiotec.com.<\/strong> <br \/>\u00a0\u00a0\u00a0\u00a0\u00a0\u00a0\u00a0\u00a0\u00a0\u00a0\u00a0 Le contenu et l'information auxquels l'utilisateur peut acc\u00e9der \u00e0 travers le site Web, principalement par le biais du moteur de recherche ou de l'espace r\u00e9serv\u00e9 aux utilisateurs enregistr\u00e9s, sont la propri\u00e9t\u00e9 de Sanbiotec Consulting, S.L. Cette information peut \u00eatre consult\u00e9e \u00e0 des fins personnelles, informatives et non commerciales. Cependant, il est interdit de copier, distribuer, ex\u00e9cuter, reproduire, licencier, transf\u00e9rer ou vendre tout type d'information extraite du site Web de Sanbiotec Consulting, S.L., en particulier du moteur de recherche de l'utilisateur.<\/p><p>\u00a0\u00a0\u00a0\u00a0\u00a0\u00a0\u00a0\u00a0\u00a0\u00a0\u00a0 Sanbiotec Consulting, S.L. modifie occasionnellement l'information, en ins\u00e9rant des filigranes avec une technologie de cryptage, qui n'alt\u00e8rent en rien le contenu ou la signification de celle-ci, mais qui permettent de d\u00e9tecter la commercialisation illicite de sa base de donn\u00e9es et l'origine de cette commercialisation, ainsi que la date et l'adresse IP de l'extraction. Sanbiotec Consulting, S.L. sera en mesure de prouver la capture illicite d'informations et, par cons\u00e9quent, exigera les sanctions pr\u00e9vues par le code p\u00e9nal en mati\u00e8re de d\u00e9tournement de bases de donn\u00e9es.<\/p><p>\u00a0\u00a0\u00a0\u00a0\u00a0\u00a0\u00a0\u00a0\u00a0<strong>\u00a0\u00a0 3.- DROITS D'AUTEUR ET MARQUES D\u00c9POS\u00c9ES.<\/strong><\/p><p>\u00a0\u00a0\u00a0\u00a0\u00a0\u00a0\u00a0\u00a0\u00a0\u00a0\u00a0 La propri\u00e9t\u00e9 intellectuelle et industrielle, les marques, les graphiques, les images, les logos, les informations et les ic\u00f4nes visibles sur le site Web de Sanbiotec Consulting, S.L. sont la propri\u00e9t\u00e9 exclusive de Sanbiotec Consulting, S.L. ou, le cas \u00e9ch\u00e9ant, de l'entit\u00e9 ou du groupe qui a autoris\u00e9 leur inclusion. Tous les contenus et leur format sont prot\u00e9g\u00e9s par les lois en vigueur au niveau national et international. <br \/>\u00a0\u00a0\u00a0\u00a0\u00a0\u00a0\u00a0\u00a0\u00a0\u00a0\u00a0 L'utilisation int\u00e9ress\u00e9e de tout contenu trouv\u00e9 sur le site Web de Sanbiotec Consulting, S.L. est strictement interdite, \u00e0 moins qu'une licence \u00e9crite n'ait \u00e9t\u00e9 accord\u00e9e. <br \/>\u00a0\u00a0\u00a0\u00a0\u00a0\u00a0\u00a0<strong>\u00a0\u00a0\u00a0\u00a0 4.- LA POLITIQUE DE CONFIDENTIALIT\u00c9.<\/strong><\/p><p>Responsable :<\/p><p>Sanbiotec Consulting, S.L. avec CIF : B-19679315 et adresse postale : C\/ Ca\u00f1ada Real, 53.18630.Otura. T\u00e9l\u00e9phone : +34 673000981. Courriel : administracion@sanbiotec.com<\/p><p>Objet : Sanbiotec.com traite les informations que vous lui fournissez conform\u00e9ment au R\u00e8glement g\u00e9n\u00e9ral sur la protection des donn\u00e9es et \u00e0 la Loi organique relative \u00e0 la protection des donn\u00e9es \u00e0 caract\u00e8re personnel et \u00e0 la garantie des droits num\u00e9riques, afin de g\u00e9rer les services ou les produits que nous fournissons ou que vous nous demandez par l'interm\u00e9diaire du site Web. Toutes les donn\u00e9es demand\u00e9es (nom, e-mail, et celles incluses dans la consultation) sont strictement n\u00e9cessaires \u00e0 la gestion des consultations effectu\u00e9es et\/ou de l'achat d'articles, y compris l'existence d'\u00e9ventuelles d\u00e9cisions automatis\u00e9es, n'\u00e9laborant en aucun cas des profils.<\/p><p>Stockage : Vos donn\u00e9es personnelles seront stock\u00e9es dans le Registre des activit\u00e9s de traitement : Formulaires de contact Web. La finalit\u00e9 de ce traitement est la gestion des demandes re\u00e7ues par le biais des formulaires de contact du site web par les utilisateurs.<\/p><p>Clients, la finalit\u00e9 de ce traitement est la gestion des services fournis aux clients de l'entreprise ainsi que leur facturation.<\/p><p>Conservation : Formulaire de contact web : les donn\u00e9es fournies seront conserv\u00e9es pendant la dur\u00e9e n\u00e9cessaire au traitement et \u00e0 la r\u00e9ponse \u00e0 la demande, conform\u00e9ment \u00e0 l'objectif pour lequel elles ont \u00e9t\u00e9 collect\u00e9es.<\/p><p>Clients : les donn\u00e9es fournies seront conserv\u00e9es jusqu'\u00e0 la fin de la relation professionnelle ou pendant les ann\u00e9es n\u00e9cessaires au respect des obligations l\u00e9gales existantes.<\/p><p>Communication et transfert international : les donn\u00e9es ne seront pas transf\u00e9r\u00e9es \u00e0 des tiers, sauf en cas d'obligation l\u00e9gale et de n\u00e9cessit\u00e9 de fournir les services offerts, et les transferts internationaux de donn\u00e9es ne sont pas pr\u00e9vus.<\/p><p>L\u00e9gitimation : Le traitement de vos donn\u00e9es est l\u00e9gitim\u00e9 par le consentement expr\u00e8s de la personne concern\u00e9e, qui les soumet volontairement par le biais du formulaire au moyen d'une action affirmative claire.<\/p><p>\u00c2ge : les utilisateurs de moins de 14 ans doivent obtenir le consentement de leurs parents, tuteurs ou repr\u00e9sentants l\u00e9gaux pour effectuer une demande et\/ou un achat par le biais du formulaire. L'utilisateur reconna\u00eet qu'il a plus de 14 ans ou qu'il dispose du consentement correspondant de ses parents, tuteurs ou repr\u00e9sentants l\u00e9gaux pour effectuer la demande et\/ou l'achat.\u00a0\u00a0\u00a0\u00a0\u00a0<\/p><p>Vos droits : Vous avez le droit d'obtenir la confirmation que Sanbiotec Consulting, S.L. traite vos donn\u00e9es personnelles, vous avez donc le droit d'acc\u00e9der \u00e0 vos donn\u00e9es personnelles, de rectifier les donn\u00e9es inexactes ou de demander leur suppression lorsque les donn\u00e9es ne sont plus n\u00e9cessaires, ainsi que le droit de limiter ou de s'opposer \u00e0 leur traitement, la portabilit\u00e9 de vos donn\u00e9es et de retirer le consentement accept\u00e9 pour le traitement de vos donn\u00e9es et m\u00eame d'introduire une plainte aupr\u00e8s de l'Agence espagnole de protection des donn\u00e9es (Agencia Espa\u00f1ola de Protecci\u00f3n de Datos).<a href=\"https:\/\/www.aepd.es\/\" target=\"_blank\" rel=\"noopener\">https:\/\/www.aepd.es\/<\/a>).<\/p><p>Communications commerciales : En ce qui concerne les communications commerciales, Sanbiotec Consulting, S.L. s'engage \u00e0 NE PAS ENVOYER DE COMMUNICATIONS COMMERCIALES SANS LES IDENTIFIER COMME TELLES, conform\u00e9ment aux dispositions de la loi 34\/2002 sur les services de la soci\u00e9t\u00e9 de l'information et le commerce \u00e9lectronique. Toutes les informations envoy\u00e9es \u00e0 l'utilisateur du portail de Sanbiotec Consulting, S.L. ne seront pas consid\u00e9r\u00e9es comme des communications commerciales. \u00c0 condition que son objectif soit de maintenir la relation contractuelle existante entre l'utilisateur et Sanbiotec Consulting, S.L., ainsi que l'ex\u00e9cution des t\u00e2ches d'information, de formation et d'autres activit\u00e9s du service que le client\/utilisateur peut avoir contract\u00e9 avec l'entit\u00e9.<\/p><p>Sanbiotec Consulting, S.L. s'engage \u00e0 NE PAS FAIRE DE PUBLICIT\u00c9 MENSONG\u00c8RE. \u00c0 ces fins, ne seront donc pas consid\u00e9r\u00e9es comme de la publicit\u00e9 mensong\u00e8re les erreurs formelles ou num\u00e9riques qui peuvent \u00eatre trouv\u00e9es dans le contenu des diff\u00e9rentes sections du site Web de Sanbiotec Consulting, S.L. produites \u00e0 la suite d'une maintenance et \/ ou d'une mise \u00e0 jour incompl\u00e8te ou d\u00e9fectueuse de l'information contenue dans ces sections. Sanbiotec Consulting, S.L. s'engage, en vertu des dispositions du pr\u00e9sent paragraphe, \u00e0 corriger ces erreurs d\u00e8s qu'elle en aura connaissance.<\/p><p>D\u00e9l\u00e9gu\u00e9 \u00e0 la protection des donn\u00e9es :<\/p><p>Datasur Protecci\u00f3n de Datos S.L. Tlf.- 958 958 230 E-mail :\u00a0 <a href=\"mailto:dpd@data-sur.com\">dpd@data-sur.com<\/a>.  Chat : <a href=\"https:\/\/www.data-sur.com\/\" target=\"_blank\" rel=\"noopener\">https:\/\/www.data-sur.com\/<\/a><\/p><p>\u00a0\u00a0\u00a0\u00a0\u00a0\u00a0\u00a0\u00a0\u00a0\u00a0\u00a0<strong> 5.- RESPONSABILIT\u00c9.<\/strong><\/p><p>\u00a0\u00a0\u00a0\u00a0\u00a0\u00a0\u00a0\u00a0\u00a0\u00a0\u00a0 Sanbiotec Consulting, S.L. n'est pas responsable des dommages caus\u00e9s par les d\u00e9faillances ou les mauvaises configurations du logiciel install\u00e9 sur l'ordinateur de l'utilisateur, les d\u00e9faillances de transmission et les d\u00e9fauts du fabricant du logiciel. Ce site Web est pr\u00e9par\u00e9 par d\u00e9faut pour \u00eatre visualis\u00e9 dans n'importe quel type de navigateur et avec n'importe quel syst\u00e8me d'exploitation. Sanbiotec Consulting, S.L. n'est pas responsable du manque d'affichage de l'information pertinente qui peut se produire dans d'autres combinaisons possibles de navigateurs et\/ou de syst\u00e8mes d'exploitation.<\/p><p>Vous \u00eates seul responsable de ce qui se passe sur votre ordinateur et vous devez prendre les mesures de s\u00e9curit\u00e9 appropri\u00e9es pour prot\u00e9ger les informations qui y sont h\u00e9berg\u00e9es, afin d'\u00e9viter les pertes ou les dommages caus\u00e9s par les t\u00e9l\u00e9chargements \u00e0 partir du web. L'utilisateur doit maintenir son navigateur \u00e0 jour avec la derni\u00e8re version, choisir des modules compl\u00e9mentaires et des plugins fiables, examiner les options de configuration du navigateur et activer celles qu'il juge les plus int\u00e9ressantes pour prot\u00e9ger sa vie priv\u00e9e. En ce qui concerne l'information \u00e0 laquelle l'utilisateur peut acc\u00e9der \u00e0 travers le site Web, en raison des diff\u00e9rentes sources d'obtention et du processus d'enregistrement, Sanbiotec Consulting, S.L. ne garantit pas l'exactitude absolue de celle-ci et, par cons\u00e9quent, l'utilisateur ne peut pr\u00e9tendre \u00e0 aucune responsabilit\u00e9 pour les dommages r\u00e9sultant d'erreurs dans l'information fournie. Sanbiotec Consulting, S.L. n'est pas responsable de la l\u00e9galit\u00e9 d'autres sites Web de tiers \u00e0 partir desquels il est possible d'acc\u00e9der au site Web, ni de la l\u00e9galit\u00e9 d'autres sites Web de tiers auxquels il est possible d'acc\u00e9der \u00e0 partir de ce site Web.<\/p><p>\u00a0\u00a0\u00a0\u00a0\u00a0\u00a0\u00a0\u00a0\u00a0\u00a0\u00a0<strong> 6.- MODIFICATIONS.<\/strong><\/p><p>\u00a0\u00a0\u00a0\u00a0\u00a0\u00a0\u00a0\u00a0\u00a0\u00a0\u00a0 Sanbiotec Consulting, S.L. peut modifier ces conditions \u00e0 tout moment, bien qu'il ne s'agisse pas de modifications fr\u00e9quentes, en publiant sur cette page les dates des modifications et leur entr\u00e9e en vigueur imm\u00e9diate. Si, en raison d'une modification l\u00e9gislative ou d'une r\u00e9solution judiciaire, une partie de ces conditions cesse d'\u00eatre applicable, ces clauses seront annul\u00e9es, mais les autres seront parfaitement valables et resteront en vigueur. En continuant \u00e0 utiliser notre site web, vous acceptez ces conditions et les modifications qui y sont apport\u00e9es, et vous \u00eates tenu de consulter fr\u00e9quemment cette page. Si vous n'acceptez pas ces conditions, vous ne devez pas continuer \u00e0 visiter le site web de Sanbiotec Consulting, S.L.<\/p><p>\u00a0\u00a0\u00a0\u00a0\u00a0\u00a0\u00a0\u00a0\u00a0\u00a0\u00a0 7 - L'IND\u00c9PENDANCE.<\/p><p>\u00a0\u00a0\u00a0\u00a0\u00a0\u00a0\u00a0\u00a0\u00a0\u00a0\u00a0 Les contenus de Sanbiotec Consulting, S.L. n'ont aucune ligne politique et ne soutiennent aucune id\u00e9ologie ou groupe socio-politique en particulier.<\/p><p>\u00a9 \u00ae <em>Ce texte est prot\u00e9g\u00e9 par le droit d'auteur et nous nous r\u00e9servons le droit d'intenter une action en justice en cas d'utilisation non autoris\u00e9e.<\/em><\/p>\t\t\t\t\t\t\t\t<\/div>\n\t\t\t\t<\/div>\n\t\t\t\t\t<\/div>\n\t\t\t\t<\/div>\n\t\t\t\t<\/div>","protected":false},"excerpt":{"rendered":"<p>Condiciones de uso web Las presentes, son los t\u00e9rminos y condiciones con los que usted (el Usuario) y Sanbiotec Consulting, S.L., regulan el uso y disfrute de la web de Sanbiotec Consulting, S.L. Ser usuario de la web sanbiotec.com, implica que Vd. Consiente expresamente las presentes condiciones y lo que se derive de la normativa [&hellip;]<\/p>\n","protected":false},"author":1,"featured_media":0,"parent":0,"menu_order":0,"comment_status":"closed","ping_status":"closed","template":"elementor_header_footer","meta":{"_acf_changed":false,"_joinchat":[],"footnotes":""},"class_list":["post-305","page","type-page","status-publish","hentry"],"acf":[],"_links":{"self":[{"href":"https:\/\/equinecode.com\/fr\/wp-json\/wp\/v2\/pages\/305","targetHints":{"allow":["GET"]}}],"collection":[{"href":"https:\/\/equinecode.com\/fr\/wp-json\/wp\/v2\/pages"}],"about":[{"href":"https:\/\/equinecode.com\/fr\/wp-json\/wp\/v2\/types\/page"}],"author":[{"embeddable":true,"href":"https:\/\/equinecode.com\/fr\/wp-json\/wp\/v2\/users\/1"}],"replies":[{"embeddable":true,"href":"https:\/\/equinecode.com\/fr\/wp-json\/wp\/v2\/comments?post=305"}],"version-history":[{"count":4,"href":"https:\/\/equinecode.com\/fr\/wp-json\/wp\/v2\/pages\/305\/revisions"}],"predecessor-version":[{"id":309,"href":"https:\/\/equinecode.com\/fr\/wp-json\/wp\/v2\/pages\/305\/revisions\/309"}],"wp:attachment":[{"href":"https:\/\/equinecode.com\/fr\/wp-json\/wp\/v2\/media?parent=305"}],"curies":[{"name":"wp","href":"https:\/\/api.w.org\/{rel}","templated":true}]}}