{"id":61,"date":"2024-02-29T12:39:56","date_gmt":"2024-02-29T11:39:56","guid":{"rendered":"https:\/\/equinecode.com\/?page_id=61"},"modified":"2024-03-14T16:14:07","modified_gmt":"2024-03-14T15:14:07","slug":"aviso-legal","status":"publish","type":"page","link":"https:\/\/equinecode.com\/fr\/aviso-legal","title":{"rendered":"Avis juridique"},"content":{"rendered":"<div data-elementor-type=\"wp-page\" data-elementor-id=\"61\" class=\"elementor elementor-61\" data-elementor-post-type=\"page\">\n\t\t\t\t<div class=\"elementor-element elementor-element-91715a1 e-flex e-con-boxed e-con e-parent\" data-id=\"91715a1\" data-element_type=\"container\" data-e-type=\"container\">\n\t\t\t\t\t<div class=\"e-con-inner\">\n\t\t\t\t<div class=\"elementor-element elementor-element-72fbaba elementor-widget elementor-widget-heading\" data-id=\"72fbaba\" data-element_type=\"widget\" data-e-type=\"widget\" data-widget_type=\"heading.default\">\n\t\t\t\t<div class=\"elementor-widget-container\">\n\t\t\t\t\t<h1 class=\"elementor-heading-title elementor-size-default\">Avis juridique<\/h1>\t\t\t\t<\/div>\n\t\t\t\t<\/div>\n\t\t\t\t<div class=\"elementor-element elementor-element-e21314b elementor-widget elementor-widget-text-editor\" data-id=\"e21314b\" data-element_type=\"widget\" data-e-type=\"widget\" data-widget_type=\"text-editor.default\">\n\t\t\t\t<div class=\"elementor-widget-container\">\n\t\t\t\t\t\t\t\t\t<p><strong>1) L'IDENTIFICATION DU PRESTATAIRE DE SERVICES :\u00a0\u00a0 <\/strong><\/p><p>1.1.) Conform\u00e9ment \u00e0 l'obligation d'information g\u00e9n\u00e9rale que, selon l'article 10 de la loi 34\/2002, du 11 juillet, sur les services de la soci\u00e9t\u00e9 de l'information et le commerce \u00e9lectronique, le r\u00e8glement g\u00e9n\u00e9ral sur la protection des donn\u00e9es 2016\/679 et la loi organique 3\/2018 sur la protection des donn\u00e9es personnelles et la garantie des droits num\u00e9riques, les fournisseurs de services de la soci\u00e9t\u00e9 de l'information doivent offrir, les informations suivantes sont fournies ci-dessous :<\/p><p>\u00a0\u00a0\u00a0\u00a0\u00a0\u00a0\u00a0\u00a0\u00a0\u00a0\u00a0 L'entit\u00e9 propri\u00e9taire du site web www.equinecode.com est :<\/p><p>Sanbiotec Consulting, S.L. \u00a0\u00a0\u00a0<\/p><p>C.I.F : B-19679315<\/p><p>Adresse : Plaza Rafael Alberti, n\u00ba7.18630.Otura.Granada.<\/p><p>Inscrit au registre du commerce de Grenade, volume : 1682, folio : 222, section : 1, page : GR-52616.<\/p><p>\u00a0<\/p><p><strong>2.) AVIS SUR LA POLITIQUE DE CONFIDENTIALIT\u00c9 DES DONN\u00c9ES :<\/strong><\/p><p>\u00a0 \u00a0\u00a0\u00a0\u00a0\u00a0\u00a0\u00a0\u00a0\u00a0 Aux fins des dispositions du r\u00e8glement europ\u00e9en 2016\/679 et de la loi organique sur la protection des donn\u00e9es personnelles et la garantie des droits num\u00e9riques, nous informons les utilisateurs que les donn\u00e9es personnelles saisies volontairement seront stock\u00e9es dans le registre des activit\u00e9s de traitement : formulaires de contact Web de la soci\u00e9t\u00e9 dont le but est que Sanbiotec Consulting, S.L. puisse offrir les services qui conviennent le mieux \u00e0 leurs besoins et pr\u00e9f\u00e9rences et r\u00e9pondre aux demandes re\u00e7ues et \/ ou aux clients dont le but est que Sanbiotec Consulting, S.L. puisse g\u00e9rer les services fournis aux clients.<\/p><p>\u00a0\u00a0\u00a0\u00a0\u00a0\u00a0\u00a0\u00a0\u00a0\u00a0\u00a0 Sanbiotec Consulting, S.L. garantit la s\u00e9curit\u00e9 et la confidentialit\u00e9 des donn\u00e9es fournies. Ainsi, elle s'engage \u00e0 respecter son obligation de secret des donn\u00e9es personnelles et son devoir de les prot\u00e9ger et \u00e0 prendre toutes les mesures techniques et organisationnelles n\u00e9cessaires pour \u00e9viter l'alt\u00e9ration, la perte, le traitement ou l'utilisation non autoris\u00e9e. Par cons\u00e9quent, toutes les informations que vous nous fournissez ne seront pas transmises \u00e0 des tiers, sauf dans les cas o\u00f9 la loi l'exige ou pour la bonne prestation des services contract\u00e9s.<\/p><p>\u00a0\u00a0\u00a0\u00a0\u00a0\u00a0\u00a0\u00a0\u00a0\u00a0\u00a0 Vous pouvez \u00e0 tout moment exercer vos droits d'acc\u00e8s, de rectification, d'annulation et de portabilit\u00e9 de vos donn\u00e9es, de limitation ou d'opposition \u00e0 leur traitement, ainsi que retirer votre consentement au traitement de vos donn\u00e9es en \u00e9crivant \u00e0 notre adresse \u00e9lectronique <strong>info@equinecode.com<\/strong><strong>,<\/strong> et m\u00eame d\u00e9poser une plainte aupr\u00e8s de l'Agence espagnole de protection des donn\u00e9es.<\/p><p><strong>D\u00e9l\u00e9gu\u00e9 \u00e0 la protection des donn\u00e9es :\u00a0 <\/strong><\/p><p>Datasur Protecci\u00f3n de Datos S.L. Tlf.- 958 958 230 E-mail : dpd@data-sur.com.\u00a0<\/p><p>\u00a0<\/p><p><strong>3) DIVERS :<\/strong><\/p><p><strong>A.-<\/strong> Sanbiotec Consulting, S.L. utilise des cookies qui resteront stock\u00e9s dans l'ordinateur. L'utilisateur a la possibilit\u00e9 d'accepter, de refuser ou de configurer les cookies stock\u00e9s. Les cookies sont de petits fichiers que notre ordinateur envoie \u00e0 votre ordinateur, mais ils ne nous fournissent pas d'informations sur votre nom ou d'autres donn\u00e9es personnelles. Lorsque l'utilisateur navigue sur les pages Web de Sanbiotec Consulting, S.L., le serveur o\u00f9 il est h\u00e9berg\u00e9 reconna\u00eet automatiquement l'adresse IP de son ordinateur, le jour et l'heure du d\u00e9but de la visite, l'heure de la fin de la visite, ainsi que des informations sur les diff\u00e9rentes sections consult\u00e9es. Il est n\u00e9cessaire que le serveur connaisse ces donn\u00e9es afin de pouvoir communiquer et envoyer la demande effectu\u00e9e et qu'elle soit visible \u00e0 l'\u00e9cran par le biais du navigateur. Le profilage n'est en aucun cas effectu\u00e9. L'utilisateur peut \u00e0 tout moment supprimer les cookies de son ordinateur.<\/p><p><strong>B.-<\/strong> Sanbiotec Consulting, S.L. peut modifier, sans pr\u00e9avis, l'information contenue sur son site Web, ainsi que sa configuration et sa pr\u00e9sentation.<\/p><p><strong>C<\/strong><strong>.-<\/strong> Sanbiotec Consulting, S.L. n'est pas responsable du non-respect de la r\u00e9glementation applicable que l'utilisateur pourrait encourir en acc\u00e9dant au site Web et\/ou en utilisant l'information qu'il contient.<\/p><p>\u00a9 \u00ae <em>Ce texte est prot\u00e9g\u00e9 par le droit d'auteur et nous nous r\u00e9servons le droit d'intenter une action en justice en cas d'utilisation non autoris\u00e9e.<\/em><\/p>\t\t\t\t\t\t\t\t<\/div>\n\t\t\t\t<\/div>\n\t\t\t\t\t<\/div>\n\t\t\t\t<\/div>\n\t\t\t\t<\/div>","protected":false},"excerpt":{"rendered":"<p>Aviso legal 1.) IDENTIFICACI\u00d3N DEL PRESTADOR DE SERVICIOS:\u00a0\u00a0 1.1.) En cumplimiento con el deber de informaci\u00f3n general que, recogido en el art\u00edculo 10 de la Ley 34\/2002, de 11 de julio, de Servicios de la Sociedad de la Informaci\u00f3n y de Comercio Electr\u00f3nico, el Reglamento General de Protecci\u00f3n de Datos 2016\/679 y Ley Org\u00e1nica de [&hellip;]<\/p>\n","protected":false},"author":1,"featured_media":0,"parent":0,"menu_order":0,"comment_status":"closed","ping_status":"closed","template":"elementor_header_footer","meta":{"_acf_changed":false,"_joinchat":[],"footnotes":""},"class_list":["post-61","page","type-page","status-publish","hentry"],"acf":[],"_links":{"self":[{"href":"https:\/\/equinecode.com\/fr\/wp-json\/wp\/v2\/pages\/61","targetHints":{"allow":["GET"]}}],"collection":[{"href":"https:\/\/equinecode.com\/fr\/wp-json\/wp\/v2\/pages"}],"about":[{"href":"https:\/\/equinecode.com\/fr\/wp-json\/wp\/v2\/types\/page"}],"author":[{"embeddable":true,"href":"https:\/\/equinecode.com\/fr\/wp-json\/wp\/v2\/users\/1"}],"replies":[{"embeddable":true,"href":"https:\/\/equinecode.com\/fr\/wp-json\/wp\/v2\/comments?post=61"}],"version-history":[{"count":7,"href":"https:\/\/equinecode.com\/fr\/wp-json\/wp\/v2\/pages\/61\/revisions"}],"predecessor-version":[{"id":285,"href":"https:\/\/equinecode.com\/fr\/wp-json\/wp\/v2\/pages\/61\/revisions\/285"}],"wp:attachment":[{"href":"https:\/\/equinecode.com\/fr\/wp-json\/wp\/v2\/media?parent=61"}],"curies":[{"name":"wp","href":"https:\/\/api.w.org\/{rel}","templated":true}]}}