{"id":63,"date":"2024-02-29T12:41:35","date_gmt":"2024-02-29T11:41:35","guid":{"rendered":"https:\/\/equinecode.com\/?page_id=63"},"modified":"2024-03-22T12:08:24","modified_gmt":"2024-03-22T11:08:24","slug":"politica-de-cookies","status":"publish","type":"page","link":"https:\/\/equinecode.com\/fr\/politica-de-cookies","title":{"rendered":"Politique en mati\u00e8re de cookies"},"content":{"rendered":"<div data-elementor-type=\"wp-page\" data-elementor-id=\"63\" class=\"elementor elementor-63\" data-elementor-post-type=\"page\">\n\t\t\t\t<div class=\"elementor-element elementor-element-68a27e5 e-flex e-con-boxed e-con e-parent\" data-id=\"68a27e5\" data-element_type=\"container\" data-e-type=\"container\">\n\t\t\t\t\t<div class=\"e-con-inner\">\n\t\t\t\t<div class=\"elementor-element elementor-element-a341157 elementor-widget elementor-widget-heading\" data-id=\"a341157\" data-element_type=\"widget\" data-e-type=\"widget\" data-widget_type=\"heading.default\">\n\t\t\t\t<div class=\"elementor-widget-container\">\n\t\t\t\t\t<h1 class=\"elementor-heading-title elementor-size-default\">Politique en mati\u00e8re de cookies<\/h1>\t\t\t\t<\/div>\n\t\t\t\t<\/div>\n\t\t\t\t<div class=\"elementor-element elementor-element-850ed69 elementor-widget elementor-widget-text-editor\" data-id=\"850ed69\" data-element_type=\"widget\" data-e-type=\"widget\" data-widget_type=\"text-editor.default\">\n\t\t\t\t<div class=\"elementor-widget-container\">\n\t\t\t\t\t\t\t\t\t<p><strong><u>COOKIES<\/u><\/strong><\/p><p>Ce site web utilise des cookies et\/ou des technologies similaires qui stockent et r\u00e9cup\u00e8rent des informations lorsque vous naviguez. En g\u00e9n\u00e9ral, ces technologies peuvent \u00eatre utilis\u00e9es \u00e0 diverses fins, notamment pour vous reconna\u00eetre en tant qu'utilisateur, obtenir des informations sur vos habitudes de navigation ou personnaliser l'affichage du contenu.<\/p><p><strong><u>Types de cookies :<\/u><\/strong><\/p><p>Il existe diff\u00e9rents types de cookies, qui peuvent \u00eatre class\u00e9s :<\/p><ul><li>En fonction de l'entit\u00e9 qui g\u00e8re l'\u00e9quipement ou le domaine \u00e0 partir duquel les cookies sont envoy\u00e9s et qui traite les donn\u00e9es obtenues :<\/li><\/ul><p><strong><em>Vos propres biscuits<\/em><\/strong>sont celles qui sont envoy\u00e9es \u00e0 l'\u00e9quipement terminal de l'utilisateur \u00e0 partir d'un ordinateur ou d'un domaine g\u00e9r\u00e9 par l'\u00e9diteur lui-m\u00eame et \u00e0 partir duquel le service demand\u00e9 par l'utilisateur est fourni.<\/p><p><strong><em>Cookies de tiers<\/em><\/strong>les cookies : ce sont ceux qui sont envoy\u00e9s \u00e0 l'\u00e9quipement terminal de l'utilisateur \u00e0 partir d'un ordinateur ou d'un domaine qui n'est pas g\u00e9r\u00e9 par l'\u00e9diteur, mais par une autre entit\u00e9 qui traite les donn\u00e9es obtenues par le biais des cookies.<\/p><p>Veuillez noter que si vous acceptez les cookies de tiers, vous devrez les supprimer des options de votre navigateur.<\/p><p>\u00a0<\/p><ul><li>Selon leur objectif d'obtenir des informations sur l'utilisateur :<\/li><\/ul><p><strong><em>Cookies techniques<\/em><\/strong>Ce sont celles qui sont essentielles pour permettre \u00e0 l'utilisateur de naviguer sur un site web, une application ou une plateforme, comme, par exemple, celles qui permettent de stocker les donn\u00e9es d'une commande en ligne.<\/p><p>\uf0a7\u00a0\u00a0\u00a0\u00a0\u00a0\u00a0\u00a0\u00a0\u00a0 <strong><em>Cookies de personnalisation ou de pr\u00e9f\u00e9rence<\/em><\/strong>Il s'agit de ceux qui permettent de m\u00e9moriser des informations afin que l'utilisateur puisse acc\u00e9der au service avec certaines caract\u00e9ristiques qui peuvent diff\u00e9rencier son exp\u00e9rience de celle des autres utilisateurs, comme, par exemple, la langue.<\/p><p>\uf0a7\u00a0\u00a0\u00a0\u00a0\u00a0\u00a0\u00a0\u00a0\u00a0 <strong><em>Cookies d'analyse ou de m\u00e9diation<\/em><\/strong>les cookies : ce sont ceux qui permettent au responsable de suivre et d'analyser le comportement des utilisateurs des sites web, de l'application ou de la plateforme.<\/p><p>\uf0a7\u00a0\u00a0\u00a0\u00a0\u00a0\u00a0\u00a0\u00a0\u00a0 <strong><em>Cookies de publicit\u00e9 comportementale<\/em><\/strong>Il s'agit de ceux qui stockent des informations sur le comportement des utilisateurs, obtenues gr\u00e2ce \u00e0 l'observation continue de leurs habitudes de navigation, ce qui permet de d\u00e9velopper un profil sp\u00e9cifique afin d'afficher de la publicit\u00e9 bas\u00e9e sur ce profil.<\/p><ul><li>En fonction de la dur\u00e9e pendant laquelle ils restent activ\u00e9s dans l'\u00e9quipement terminal :<\/li><\/ul><p>\u00a0\u00a0\u00a0\u00a0\u00a0\u00a0\u00a0\u00a0\u00a0\u00a0\u00a0 <strong><em>Cookies de session<\/em><\/strong>les cookies : ils sont con\u00e7us pour collecter et stocker des donn\u00e9es pendant que l'utilisateur acc\u00e8de \u00e0 une page web. Ils sont g\u00e9n\u00e9ralement utilis\u00e9s pour stocker des informations qui ne doivent \u00eatre conserv\u00e9es que pour la fourniture du service demand\u00e9 par l'utilisateur \u00e0 une seule occasion et qui disparaissent \u00e0 la fin de la session, comme une liste de produits achet\u00e9s.<\/p><p>\u00a0\u00a0\u00a0\u00a0\u00a0\u00a0\u00a0\u00a0\u00a0\u00a0\u00a0 <strong><em>Cookies persistants<\/em><\/strong>les cookies : il s'agit de cookies dont les donn\u00e9es restent stock\u00e9es dans le terminal et peuvent \u00eatre consult\u00e9es et trait\u00e9es pendant une p\u00e9riode d\u00e9finie par le responsable du cookie.<\/p><p>Vous trouverez de plus amples informations sur les cookies et leur utilisation \u00e0 l'adresse suivante <a href=\"http:\/\/www.aboutcookies.org\" target=\"_blank\" rel=\"noopener\">www.aboutcookies.org<\/a>.<\/p><p>Vous pouvez autoriser ou bloquer les cookies, ainsi que supprimer les donn\u00e9es de navigation (y compris les cookies) du navigateur que vous utilisez. Pour ce faire, consultez les options et les instructions fournies par votre navigateur.<\/p><p><strong><u>Comment g\u00e9rer les cookies \u00e0 partir de votre navigateur <\/u><\/strong><\/p><p>Si vous souhaitez d\u00e9sactiver ou supprimer les cookies par le biais des param\u00e8tres de votre navigateur, nous vous donnons acc\u00e8s aux param\u00e8tres des principaux navigateurs Internet en mati\u00e8re de cookies :<\/p><p>Google Chrome : <a href=\"https:\/\/support.google.com\/chrome\/answer\/95647?hl=es\" target=\"_blank\" rel=\"noopener\">https:\/\/support.google.com\/chrome\/answer\/95647?hl=es<\/a><\/p><p>Mozilla Firefox :<a href=\"https:\/\/support.mozilla.org\/es\/kb\/cookies-informacion-que-los-sitios-web-guardan-en-?redirectlocale=en-US&amp;redirectslug=Cookies\" target=\"_blank\" rel=\"noopener\">https:\/\/support.mozilla.org\/es\/kb\/cookies-informacion-que-los-sitios-web-guardan-en-?redirectlocale=en-US&amp;redirectslug=Cookies<\/a><\/p><p>Internet Explorer : <a href=\"https:\/\/support.microsoft.com\/es-es\/help\/278835\/how-to-delete-cookie-files-in-internet-explorer\" target=\"_blank\" rel=\"noopener\">https:\/\/support.microsoft.com\/es-es\/help\/278835\/how-to-delete-cookie-files-in-internet-explorer<\/a><\/p><p>Safari : <a href=\"https:\/\/support.apple.com\/es-es\/HT201265\" target=\"_blank\" rel=\"noopener\">https:\/\/support.apple.com\/es-es\/HT201265<\/a><\/p><p>\u00a0<\/p><p>Vous trouverez de plus amples informations sur les autres navigateurs \u00e0 l'adresse suivante <a href=\"https:\/\/www.aboutcookies.org\/how-to-control-cookies\/\" target=\"_blank\" rel=\"noopener\">https:\/\/www.aboutcookies.org\/how-to-control-cookies\/<\/a>.<\/p><p>\u00a0<\/p><p><u>Cookies sur les appareils mobiles : \u00a0\u00a0<\/u><\/p><p>Le site web peut \u00e9galement utiliser des cookies ou d'autres dispositifs de stockage sur les appareils mobiles. Comme pour les navigateurs informatiques, les navigateurs des appareils mobiles vous permettent de modifier vos options de confidentialit\u00e9 ou vos param\u00e8tres pour d\u00e9sactiver ou supprimer les cookies.<\/p><p>Si vous souhaitez modifier vos param\u00e8tres de confidentialit\u00e9, veuillez suivre les instructions sp\u00e9cifi\u00e9es par le d\u00e9veloppeur de votre navigateur mobile.<\/p><p>\u00a0<\/p><p>Vous trouverez ci-dessous quelques exemples de liens qui vous permettront de modifier les param\u00e8tres de confidentialit\u00e9 de votre appareil mobile :<\/p><p>\u00a0\u00a0\u00a0\u00a0\u00a0 IOS : (<a href=\"http:\/\/goo.gl\/61xevS\" target=\"_blank\" rel=\"noopener\">http:\/\/goo.gl\/61xevS<\/a>)<\/p><p>\u00a0\u00a0\u00a0\u00a0\u00a0 Windows Phone<strong>\u00a0:<\/strong> (\u00a0<a href=\"https:\/\/goo.gl\/tKyb0y\" target=\"_blank\" rel=\"noopener\">https:\/\/goo.gl\/tKyb0y<\/a>\u00a0)<\/p><p>\u00a0\u00a0\u00a0\u00a0\u00a0 Chrome Mobile : (\u00a0<a href=\"http:\/\/goo.gl\/XJp7N\" target=\"_blank\" rel=\"noopener\">http:\/\/goo.gl\/XJp7N<\/a>\u00a0)<\/p><p>\u00a0\u00a0\u00a0\u00a0\u00a0 Opera Mobile : (\u00a0<a href=\"http:\/\/goo.gl\/Nzr8s7)\" target=\"_blank\" rel=\"noopener\">http:\/\/goo.gl\/Nzr8s7)<\/a><\/p><p>\u00a0<\/p><p>Si les cookies sont d\u00e9sactiv\u00e9s, certaines fonctionnalit\u00e9s du site web peuvent \u00eatre inop\u00e9rantes.<\/p><p><strong><u>Responsable : <\/u><\/strong><\/p><p>Sanbiotec Consulting, S.L., avec CIF : B-19679315 et adresse postale : C\/ Ca\u00f1ada Real, 53.18630.Otura. Grenade. T\u00e9l\u00e9phone : 673000981. Courriel : administracion@sanbiotec.com.<\/p><p><strong><u>Cookies utilis\u00e9s sur ce site :<\/u><\/strong><\/p><p><strong>Vos propres biscuits :<\/strong><\/p><p>Ces cookies sont n\u00e9cessaires au bon fonctionnement du site web. L'utilisateur ne pourra pas les d\u00e9sactiver.<\/p><p><strong>Cookies de tiers : <\/strong><\/p><p>Pour en savoir plus sur les cookies de tiers, cliquez sur chaque lien et vous pourrez v\u00e9rifier les cookies utilis\u00e9s, leur finalit\u00e9, leur type et leur date d'expiration. Pour plus d'informations, vous pouvez cliquer sur les liens suivants :\u00a0\u00a0\u00a0<\/p><p>\u00a0<\/p><p><strong>Cookies Google :<\/strong><\/p><p>Google utilise des cookies pour m\u00e9moriser vos pr\u00e9f\u00e9rences en mati\u00e8re de recherche s\u00e9curis\u00e9e ou pour vous pr\u00e9senter des annonces plus pertinentes pour vous, pour prot\u00e9ger vos donn\u00e9es ou pour m\u00e9moriser vos param\u00e8tres.<\/p><p>Vous trouverez plus d'informations sur les cookies de Google et les informations relatives \u00e0 la protection de la vie priv\u00e9e sur les liens suivants :<\/p><p><u><a href=\"https:\/\/policies.google.com\/technologies\/types?hl=es\" target=\"_blank\" rel=\"noopener\">https:\/\/policies.google.com\/technologies\/types?hl=es<\/a><\/u><\/p><p><strong>\u00a0<\/strong><\/p><p><strong>Sourcebuster JS Analytics Cookies :<\/strong><\/p><p>Il surveille le comportement des utilisateurs qui visitent le site et utilise des cookies pour identifier la source d'une visite et stocker des informations sur les actions de l'utilisateur dans les cookies. Plus d'informations sur les cookies <strong>WooCommerce Sourcebuster JS<\/strong><\/p><p><a href=\"https:\/\/developers.google.com\/analytics\/devguides\/collection\/analyticsjs\/cookie-usage?hl=es\" target=\"_blank\" rel=\"noopener\">https:\/\/developers.google.com\/analytics\/devguides\/collection\/analyticsjs\/cookie-usage?hl=es<\/a><\/p><p>\u00a0<\/p><p><strong>\u00a0<table class=\"wt-cli-element cookielawinfo-row-cat-table cookielawinfo-classic\"><thead><tr><th scope=\"col\" class=\"cookielawinfo-column-1\">Cookie<\/th><th scope=\"col\" class=\"cookielawinfo-column-2\">Type<\/th><th scope=\"col\" class=\"cookielawinfo-column-3\">Duration<\/th><th scope=\"col\" class=\"cookielawinfo-column-4\">Description<\/th><\/tr><\/thead><tbody><tr class=\"cookielawinfo-row\"><td class=\"cookielawinfo-column-1\">__stripe_mid<\/td><td class=\"cookielawinfo-column-2\"><\/td><td class=\"cookielawinfo-column-3\">1 an<\/td><td class=\"cookielawinfo-column-4\">Stripe utilise ce cookie pour traiter les paiements.<\/td><\/tr><tr class=\"cookielawinfo-row\"><td class=\"cookielawinfo-column-1\">__stripe_sid<\/td><td class=\"cookielawinfo-column-2\"><\/td><td class=\"cookielawinfo-column-3\">1 heure<\/td><td class=\"cookielawinfo-column-4\">Stripe utilise ce cookie pour traiter les paiements.<\/td><\/tr><tr class=\"cookielawinfo-row\"><td class=\"cookielawinfo-column-1\">publicit\u00e9 pour la bo\u00eete \u00e0 cocher cookielawinfo-advertisement<\/td><td class=\"cookielawinfo-column-2\"><\/td><td class=\"cookielawinfo-column-3\">1 an<\/td><td class=\"cookielawinfo-column-4\">D\u00e9fini par le plugin GDPR Cookie Consent, ce cookie enregistre le consentement de l'utilisateur pour les cookies de la cat\u00e9gorie \"Publicit\u00e9\".<\/td><\/tr><tr class=\"cookielawinfo-row\"><td class=\"cookielawinfo-column-1\">cookielawinfo-checkbox-analytics<\/td><td class=\"cookielawinfo-column-2\">0<\/td><td class=\"cookielawinfo-column-3\">11 mois<\/td><td class=\"cookielawinfo-column-4\">Ce cookie est d\u00e9fini par le plugin GDPR Cookie Consent. Ce cookie est utilis\u00e9 pour stocker le consentement de l'utilisateur pour les cookies de la cat\u00e9gorie \"Analytics\".<\/td><\/tr><tr class=\"cookielawinfo-row\"><td class=\"cookielawinfo-column-1\">cookielawinfo-checkbox-fonctionnel<\/td><td class=\"cookielawinfo-column-2\">0<\/td><td class=\"cookielawinfo-column-3\">11 mois<\/td><td class=\"cookielawinfo-column-4\">Le cookie est d\u00e9fini par le GDPR cookie consent pour enregistrer le consentement de l'utilisateur pour les cookies de la cat\u00e9gorie \"Fonctionnel\".<\/td><\/tr><tr class=\"cookielawinfo-row\"><td class=\"cookielawinfo-column-1\">case \u00e0 cocher n\u00e9cessaire pour le droit de la concurrence<\/td><td class=\"cookielawinfo-column-2\">0<\/td><td class=\"cookielawinfo-column-3\">11 mois<\/td><td class=\"cookielawinfo-column-4\">Ce cookie est d\u00e9fini par le plugin GDPR Cookie Consent. Il est utilis\u00e9 pour stocker le consentement de l'utilisateur pour les cookies de la cat\u00e9gorie \"N\u00e9cessaire\".<\/td><\/tr><tr class=\"cookielawinfo-row\"><td class=\"cookielawinfo-column-1\">cookielawinfo-checkbox-others<\/td><td class=\"cookielawinfo-column-2\">0<\/td><td class=\"cookielawinfo-column-3\">11 mois<\/td><td class=\"cookielawinfo-column-4\">Ce cookie est d\u00e9fini par le plugin GDPR Cookie Consent. Ce cookie est utilis\u00e9 pour stocker le consentement de l'utilisateur pour les cookies de la cat\u00e9gorie \"Autres\".<\/td><\/tr><tr class=\"cookielawinfo-row\"><td class=\"cookielawinfo-column-1\">cookielawinfo-checkbox-performance<\/td><td class=\"cookielawinfo-column-2\">0<\/td><td class=\"cookielawinfo-column-3\">11 mois<\/td><td class=\"cookielawinfo-column-4\">Ce cookie est d\u00e9fini par le plugin GDPR Cookie Consent. Ce cookie est utilis\u00e9 pour stocker le consentement de l'utilisateur pour les cookies de la cat\u00e9gorie \"Performance\".<\/td><\/tr><tr class=\"cookielawinfo-row\"><td class=\"cookielawinfo-column-1\">CookieLawInfoConsent<\/td><td class=\"cookielawinfo-column-2\"><\/td><td class=\"cookielawinfo-column-3\">1 an<\/td><td class=\"cookielawinfo-column-4\">CookieYes d\u00e9finit ce cookie pour enregistrer l'\u00e9tat du bouton par d\u00e9faut de la cat\u00e9gorie correspondante et le statut du CCPA. Il ne fonctionne qu'en coordination avec le cookie principal.<\/td><\/tr><tr class=\"cookielawinfo-row\"><td class=\"cookielawinfo-column-1\">\u00e9l\u00e9mentaire<\/td><td class=\"cookielawinfo-column-2\"><\/td><td class=\"cookielawinfo-column-3\">jamais<\/td><td class=\"cookielawinfo-column-4\">Le th\u00e8me WordPress du site web utilise ce cookie. Il permet au propri\u00e9taire du site de mettre en \u0153uvre ou de modifier le contenu du site en temps r\u00e9el.<\/td><\/tr><tr class=\"cookielawinfo-row\"><td class=\"cookielawinfo-column-1\">m<\/td><td class=\"cookielawinfo-column-2\"><\/td><td class=\"cookielawinfo-column-3\">1 an 1 mois 4 jours<\/td><td class=\"cookielawinfo-column-4\">Aucune description n'est disponible.<\/td><\/tr><tr class=\"cookielawinfo-row\"><td class=\"cookielawinfo-column-1\">NID<\/td><td class=\"cookielawinfo-column-2\"><\/td><td class=\"cookielawinfo-column-3\">6 mois<\/td><td class=\"cookielawinfo-column-4\">Google installe le cookie \u00e0 des fins publicitaires, pour limiter le nombre de fois o\u00f9 l'utilisateur voit une annonce, pour d\u00e9sactiver les annonces non souhait\u00e9es et pour mesurer l'efficacit\u00e9 des annonces.<\/td><\/tr><tr class=\"cookielawinfo-row\"><td class=\"cookielawinfo-column-1\">sbjs_current<\/td><td class=\"cookielawinfo-column-2\"><\/td><td class=\"cookielawinfo-column-3\">session<\/td><td class=\"cookielawinfo-column-4\">Sourcebuster installe ce cookie pour identifier la source d'une visite et stocke les informations relatives aux actions de l'utilisateur dans les cookies. Ce cookie analytique et comportemental est utilis\u00e9 pour am\u00e9liorer l'exp\u00e9rience des visiteurs sur le site web.<\/td><\/tr><tr class=\"cookielawinfo-row\"><td class=\"cookielawinfo-column-1\">sbjs_current_add<\/td><td class=\"cookielawinfo-column-2\"><\/td><td class=\"cookielawinfo-column-3\">session<\/td><td class=\"cookielawinfo-column-4\">Sourcebuster installe ce cookie pour identifier la source d'une visite et stocke les informations relatives aux actions de l'utilisateur dans les cookies. Ce cookie analytique et comportemental est utilis\u00e9 pour am\u00e9liorer l'exp\u00e9rience des visiteurs sur le site web.<\/td><\/tr><tr class=\"cookielawinfo-row\"><td class=\"cookielawinfo-column-1\">sbjs_first<\/td><td class=\"cookielawinfo-column-2\"><\/td><td class=\"cookielawinfo-column-3\">session<\/td><td class=\"cookielawinfo-column-4\">Sourcebuster installe ce cookie pour identifier la source d'une visite et stocke les informations relatives aux actions de l'utilisateur dans les cookies. Ce cookie analytique et comportemental est utilis\u00e9 pour am\u00e9liorer l'exp\u00e9rience des visiteurs sur le site web.<\/td><\/tr><tr class=\"cookielawinfo-row\"><td class=\"cookielawinfo-column-1\">sbjs_first_add<\/td><td class=\"cookielawinfo-column-2\"><\/td><td class=\"cookielawinfo-column-3\">session<\/td><td class=\"cookielawinfo-column-4\">Sourcebuster installe ce cookie pour identifier la source d'une visite et stocke les informations relatives aux actions de l'utilisateur dans les cookies. Ce cookie analytique et comportemental est utilis\u00e9 pour am\u00e9liorer l'exp\u00e9rience des visiteurs sur le site web.<\/td><\/tr><tr class=\"cookielawinfo-row\"><td class=\"cookielawinfo-column-1\">sbjs_migrations<\/td><td class=\"cookielawinfo-column-2\"><\/td><td class=\"cookielawinfo-column-3\">session<\/td><td class=\"cookielawinfo-column-4\">Sourcebuster installe ce cookie pour identifier la source d'une visite et stocke les informations relatives aux actions de l'utilisateur dans les cookies. Ce cookie analytique et comportemental est utilis\u00e9 pour am\u00e9liorer l'exp\u00e9rience des visiteurs sur le site web.<\/td><\/tr><tr class=\"cookielawinfo-row\"><td class=\"cookielawinfo-column-1\">sbjs_session<\/td><td class=\"cookielawinfo-column-2\"><\/td><td class=\"cookielawinfo-column-3\">1 heure<\/td><td class=\"cookielawinfo-column-4\">Sourcebuster installe ce cookie pour identifier la source d'une visite et stocke les informations relatives aux actions de l'utilisateur dans les cookies. Ce cookie analytique et comportemental est utilis\u00e9 pour am\u00e9liorer l'exp\u00e9rience des visiteurs sur le site web.<\/td><\/tr><tr class=\"cookielawinfo-row\"><td class=\"cookielawinfo-column-1\">sbjs_udata<\/td><td class=\"cookielawinfo-column-2\"><\/td><td class=\"cookielawinfo-column-3\">session<\/td><td class=\"cookielawinfo-column-4\">Sourcebuster installe ce cookie pour identifier la source d'une visite et stocke les informations relatives aux actions de l'utilisateur dans les cookies. Ce cookie analytique et comportemental est utilis\u00e9 pour am\u00e9liorer l'exp\u00e9rience des visiteurs sur le site web.<\/td><\/tr><tr class=\"cookielawinfo-row\"><td class=\"cookielawinfo-column-1\">politique_cookie_vu<\/td><td class=\"cookielawinfo-column-2\">0<\/td><td class=\"cookielawinfo-column-3\">11 mois<\/td><td class=\"cookielawinfo-column-4\">Le cookie est d\u00e9fini par le plugin GDPR Cookie Consent et est utilis\u00e9 pour enregistrer si l'utilisateur a consenti ou non \u00e0 l'utilisation de cookies. Il ne stocke aucune donn\u00e9e personnelle.<\/td><\/tr><tr class=\"cookielawinfo-row\"><td class=\"cookielawinfo-column-1\">wp_woocommerce_session_*<\/td><td class=\"cookielawinfo-column-2\"><\/td><td class=\"cookielawinfo-column-3\">2 jours<\/td><td class=\"cookielawinfo-column-4\">WooCommerce utilise ce cookie pour cr\u00e9er un code unique pour chaque client afin de savoir o\u00f9 trouver les donn\u00e9es du panier dans la base de donn\u00e9es pour chacun d'entre eux.<\/td><\/tr><tr class=\"cookielawinfo-row\"><td class=\"cookielawinfo-column-1\">wpEmojiSettingsSupports<\/td><td class=\"cookielawinfo-column-2\"><\/td><td class=\"cookielawinfo-column-3\">session<\/td><td class=\"cookielawinfo-column-4\">WordPress place ce cookie lorsqu'un utilisateur interagit avec des emojis sur un site WordPress.  Il permet de d\u00e9terminer si le navigateur de l'utilisateur peut afficher correctement les emojis.<\/td><\/tr><\/tbody><\/table><\/strong><\/p><p>\u00a0<\/p><p>\u00a0\u00a0\u00a0\u00a0\u00a0\u00a0\u00a0\u00a0\u00a0\u00a0\u00a0\u00a0\u00a0\u00a0\u00a0\u00a0\u00a0\u00a0\u00a0\u00a0\u00a0\u00a0\u00a0\u00a0\u00a0\u00a0\u00a0\u00a0\u00a0\u00a0\u00a0\u00a0\u00a0\u00a0\u00a0\u00a0\u00a0\u00a0\u00a0\u00a0\u00a0\u00a0\u00a0\u00a0\u00a0\u00a0\u00a0\u00a0\u00a0\u00a0\u00a0\u00a0\u00a0\u00a0\u00a0\u00a0\u00a0\u00a0\u00a0\u00a0\u00a0\u00a0\u00a0\u00a0\u00a0\u00a0 \u00a0\u00a0\u00a0\u00a0\u00a0\u00a0\u00a0\u00a0 Date de la derni\u00e8re r\u00e9vision : mars 2023<\/p>\t\t\t\t\t\t\t\t<\/div>\n\t\t\t\t<\/div>\n\t\t\t\t\t<\/div>\n\t\t\t\t<\/div>\n\t\t\t\t<\/div>","protected":false},"excerpt":{"rendered":"<p>Pol\u00edtica de cookies COOKIES Este sitio Web utiliza cookies y\/o tecnolog\u00edas similares que almacenan y recuperan informaci\u00f3n cuando navegas. En general estas tecnolog\u00edas pueden servir para finalidades muy diversas como por ejemplo, reconocerte como usuario, obtener informaci\u00f3n sobre tus h\u00e1bitos de navegaci\u00f3n o personalizar la forma en que se muestra el contenido. Tipos de Cookies: [&hellip;]<\/p>\n","protected":false},"author":1,"featured_media":0,"parent":0,"menu_order":0,"comment_status":"closed","ping_status":"closed","template":"elementor_header_footer","meta":{"_acf_changed":false,"_joinchat":[],"footnotes":""},"class_list":["post-63","page","type-page","status-publish","hentry"],"acf":[],"_links":{"self":[{"href":"https:\/\/equinecode.com\/fr\/wp-json\/wp\/v2\/pages\/63","targetHints":{"allow":["GET"]}}],"collection":[{"href":"https:\/\/equinecode.com\/fr\/wp-json\/wp\/v2\/pages"}],"about":[{"href":"https:\/\/equinecode.com\/fr\/wp-json\/wp\/v2\/types\/page"}],"author":[{"embeddable":true,"href":"https:\/\/equinecode.com\/fr\/wp-json\/wp\/v2\/users\/1"}],"replies":[{"embeddable":true,"href":"https:\/\/equinecode.com\/fr\/wp-json\/wp\/v2\/comments?post=63"}],"version-history":[{"count":4,"href":"https:\/\/equinecode.com\/fr\/wp-json\/wp\/v2\/pages\/63\/revisions"}],"predecessor-version":[{"id":433,"href":"https:\/\/equinecode.com\/fr\/wp-json\/wp\/v2\/pages\/63\/revisions\/433"}],"wp:attachment":[{"href":"https:\/\/equinecode.com\/fr\/wp-json\/wp\/v2\/media?parent=63"}],"curies":[{"name":"wp","href":"https:\/\/api.w.org\/{rel}","templated":true}]}}