{"id":130,"date":"2024-03-04T15:41:52","date_gmt":"2024-03-04T14:41:52","guid":{"rendered":"https:\/\/equinecode.com\/?post_type=product&#038;p=130"},"modified":"2024-03-15T09:06:34","modified_gmt":"2024-03-15T08:06:34","slug":"kit-thoroughbred-best-race-distance","status":"publish","type":"product","link":"https:\/\/equinecode.com\/fr\/produit\/kit-thoroughbred-best-race-distance","title":{"rendered":"Kit Choix Distance Flat Racing Anglais"},"content":{"rendered":"<ul>\n<li>D\u00e9couvrez la distance de course optimale pour votre cheval pur-sang anglais.<\/li>\n<li>Analysez la variation g\u00e9n\u00e9tique associ\u00e9e \u00e0 la myostatine pour en savoir plus sur la composition des fibres musculaires de votre cheval.<\/li>\n<li>Adaptez l'activit\u00e9 sportive de votre cheval \u00e0 ses capacit\u00e9s g\u00e9n\u00e9tiques.<\/li>\n<\/ul>","protected":false},"excerpt":{"rendered":"<ul>\n<li>D\u00e9couvrez la distance de course optimale pour votre cheval pur-sang anglais.<\/li>\n<li>Analysez la variation g\u00e9n\u00e9tique associ\u00e9e \u00e0 la myostatine pour en savoir plus sur la composition des fibres musculaires de votre cheval.<\/li>\n<li>Adaptez l'activit\u00e9 sportive de votre cheval \u00e0 ses capacit\u00e9s g\u00e9n\u00e9tiques.<\/li>\n<\/ul>","protected":false},"featured_media":131,"template":"","meta":{"_acf_changed":false,"_joinchat":[]},"product_brand":[],"product_cat":[21],"product_tag":[],"class_list":{"0":"post-130","1":"product","2":"type-product","3":"status-publish","4":"has-post-thumbnail","6":"product_cat-pura-sangre-ingles","8":"first","9":"instock","10":"virtual","11":"taxable","12":"purchasable","13":"product-type-simple"},"acf":[],"_links":{"self":[{"href":"https:\/\/equinecode.com\/fr\/wp-json\/wp\/v2\/product\/130","targetHints":{"allow":["GET"]}}],"collection":[{"href":"https:\/\/equinecode.com\/fr\/wp-json\/wp\/v2\/product"}],"about":[{"href":"https:\/\/equinecode.com\/fr\/wp-json\/wp\/v2\/types\/product"}],"wp:featuredmedia":[{"embeddable":true,"href":"https:\/\/equinecode.com\/fr\/wp-json\/wp\/v2\/media\/131"}],"wp:attachment":[{"href":"https:\/\/equinecode.com\/fr\/wp-json\/wp\/v2\/media?parent=130"}],"wp:term":[{"taxonomy":"product_brand","embeddable":true,"href":"https:\/\/equinecode.com\/fr\/wp-json\/wp\/v2\/product_brand?post=130"},{"taxonomy":"product_cat","embeddable":true,"href":"https:\/\/equinecode.com\/fr\/wp-json\/wp\/v2\/product_cat?post=130"},{"taxonomy":"product_tag","embeddable":true,"href":"https:\/\/equinecode.com\/fr\/wp-json\/wp\/v2\/product_tag?post=130"}],"curies":[{"name":"wp","href":"https:\/\/api.w.org\/{rel}","templated":true}]}}