{"id":134,"date":"2024-03-04T16:04:07","date_gmt":"2024-03-04T15:04:07","guid":{"rendered":"https:\/\/equinecode.com\/?post_type=product&#038;p=134"},"modified":"2024-03-21T13:41:07","modified_gmt":"2024-03-21T12:41:07","slug":"kit-arabian-endurance-best-distance","status":"publish","type":"product","link":"https:\/\/equinecode.com\/fr\/produit\/kit-arabian-endurance-best-distance","title":{"rendered":"Kit Choix Distance Endurance Arabe"},"content":{"rendered":"<ul>\n<li><strong>Exclusif Equinecode<\/strong><\/li>\n<li>D\u00e9terminez la distance de course optimale pour votre pur-sang arabe dans les comp\u00e9titions de raid.<\/li>\n<li>Augmentez vos chances de r\u00e9ussite dans les courses d'endurance en adaptant l'activit\u00e9 physique de votre cheval en fonction de sa g\u00e9n\u00e9tique.<\/li>\n<li>L'am\u00e9lioration des performances de votre cheval passe par la compr\u00e9hension de ses limites m\u00e9taboliques.<\/li>\n<\/ul>","protected":false},"excerpt":{"rendered":"<ul>\n<li><strong>Exclusif Equinecode<\/strong><\/li>\n<li>D\u00e9terminez la distance de course optimale pour votre pur-sang arabe dans les comp\u00e9titions de raid.<\/li>\n<li>Augmentez vos chances de r\u00e9ussite dans les courses d'endurance en adaptant l'activit\u00e9 physique de votre cheval en fonction de sa g\u00e9n\u00e9tique.<\/li>\n<li>L'am\u00e9lioration des performances de votre cheval passe par la compr\u00e9hension de ses limites m\u00e9taboliques.<\/li>\n<\/ul>","protected":false},"featured_media":419,"template":"","meta":{"_acf_changed":false,"_joinchat":[]},"product_brand":[],"product_cat":[22],"product_tag":[],"class_list":{"0":"post-134","1":"product","2":"type-product","3":"status-publish","4":"has-post-thumbnail","6":"product_cat-pura-sangre-arabe","8":"first","9":"instock","10":"virtual","11":"taxable","12":"purchasable","13":"product-type-simple"},"acf":[],"_links":{"self":[{"href":"https:\/\/equinecode.com\/fr\/wp-json\/wp\/v2\/product\/134","targetHints":{"allow":["GET"]}}],"collection":[{"href":"https:\/\/equinecode.com\/fr\/wp-json\/wp\/v2\/product"}],"about":[{"href":"https:\/\/equinecode.com\/fr\/wp-json\/wp\/v2\/types\/product"}],"wp:featuredmedia":[{"embeddable":true,"href":"https:\/\/equinecode.com\/fr\/wp-json\/wp\/v2\/media\/419"}],"wp:attachment":[{"href":"https:\/\/equinecode.com\/fr\/wp-json\/wp\/v2\/media?parent=134"}],"wp:term":[{"taxonomy":"product_brand","embeddable":true,"href":"https:\/\/equinecode.com\/fr\/wp-json\/wp\/v2\/product_brand?post=134"},{"taxonomy":"product_cat","embeddable":true,"href":"https:\/\/equinecode.com\/fr\/wp-json\/wp\/v2\/product_cat?post=134"},{"taxonomy":"product_tag","embeddable":true,"href":"https:\/\/equinecode.com\/fr\/wp-json\/wp\/v2\/product_tag?post=134"}],"curies":[{"name":"wp","href":"https:\/\/api.w.org\/{rel}","templated":true}]}}