{"id":143,"date":"2024-03-04T16:08:29","date_gmt":"2024-03-04T15:08:29","guid":{"rendered":"https:\/\/equinecode.com\/?post_type=product&#038;p=143"},"modified":"2024-03-21T12:02:58","modified_gmt":"2024-03-21T11:02:58","slug":"kit-arabian-flat-racing","status":"publish","type":"product","link":"https:\/\/equinecode.com\/fr\/produit\/kit-arabian-flat-racing","title":{"rendered":"Kit Flat Racing Arabe"},"content":{"rendered":"<ul>\n<li><strong>Exclusif Equinecode<\/strong><\/li>\n<li>D\u00e9couvrez les 5 variations g\u00e9n\u00e9tiques cl\u00e9s qui influencent les performances sportives de votre pur-sang arabe dans les courses de plat.<\/li>\n<li>Associez ces variations g\u00e9n\u00e9tiques \u00e0 l'aptitude sportive de votre \u00e9quid\u00e9 pour les courses.<\/li>\n<li>Am\u00e9liorez vos chances de gagner dans les courses de plat.<\/li>\n<\/ul>","protected":false},"excerpt":{"rendered":"<ul>\n<li><strong>Exclusif Equinecode<\/strong><\/li>\n<li>D\u00e9couvrez les 5 variations g\u00e9n\u00e9tiques cl\u00e9s qui influencent les performances sportives de votre pur-sang arabe dans les courses de plat.<\/li>\n<li>Associez ces variations g\u00e9n\u00e9tiques \u00e0 l'aptitude sportive de votre \u00e9quid\u00e9 pour les courses.<\/li>\n<li>Am\u00e9liorez vos chances de gagner dans les courses de plat.<\/li>\n<\/ul>","protected":false},"featured_media":406,"template":"","meta":{"_acf_changed":false,"_joinchat":[]},"product_brand":[],"product_cat":[22],"product_tag":[],"class_list":{"0":"post-143","1":"product","2":"type-product","3":"status-publish","4":"has-post-thumbnail","6":"product_cat-pura-sangre-arabe","8":"first","9":"instock","10":"virtual","11":"taxable","12":"purchasable","13":"product-type-simple"},"acf":[],"_links":{"self":[{"href":"https:\/\/equinecode.com\/fr\/wp-json\/wp\/v2\/product\/143","targetHints":{"allow":["GET"]}}],"collection":[{"href":"https:\/\/equinecode.com\/fr\/wp-json\/wp\/v2\/product"}],"about":[{"href":"https:\/\/equinecode.com\/fr\/wp-json\/wp\/v2\/types\/product"}],"wp:featuredmedia":[{"embeddable":true,"href":"https:\/\/equinecode.com\/fr\/wp-json\/wp\/v2\/media\/406"}],"wp:attachment":[{"href":"https:\/\/equinecode.com\/fr\/wp-json\/wp\/v2\/media?parent=143"}],"wp:term":[{"taxonomy":"product_brand","embeddable":true,"href":"https:\/\/equinecode.com\/fr\/wp-json\/wp\/v2\/product_brand?post=143"},{"taxonomy":"product_cat","embeddable":true,"href":"https:\/\/equinecode.com\/fr\/wp-json\/wp\/v2\/product_cat?post=143"},{"taxonomy":"product_tag","embeddable":true,"href":"https:\/\/equinecode.com\/fr\/wp-json\/wp\/v2\/product_tag?post=143"}],"curies":[{"name":"wp","href":"https:\/\/api.w.org\/{rel}","templated":true}]}}