{"id":146,"date":"2024-03-04T16:12:49","date_gmt":"2024-03-04T15:12:49","guid":{"rendered":"https:\/\/equinecode.com\/?post_type=product&#038;p=146"},"modified":"2024-03-15T09:37:56","modified_gmt":"2024-03-15T08:37:56","slug":"kit-arabian-muscle-fiber","status":"publish","type":"product","link":"https:\/\/equinecode.com\/fr\/produit\/kit-arabian-muscle-fiber","title":{"rendered":"Kit Fibres Musculaires Arabe"},"content":{"rendered":"<ul>\n<li><strong>Exclusif Equinecode<\/strong><\/li>\n<li>Il analyse la variation g\u00e9n\u00e9tique la plus influente sur la masse musculaire du cheval.<\/li>\n<li>Identifiez les pr\u00e9dispositions de votre pur-sang arabe pour le sprint.<\/li>\n<li>Marqueur g\u00e9n\u00e9tique identifi\u00e9 dans nos laboratoires. Avantage g\u00e9n\u00e9tique observ\u00e9 chez les chevaux de course de groupe gagnants.<\/li>\n<\/ul>","protected":false},"excerpt":{"rendered":"<ul>\n<li><strong>Exclusif Equinecode<\/strong><\/li>\n<li>Il analyse la variation g\u00e9n\u00e9tique la plus influente sur la masse musculaire du cheval.<\/li>\n<li>Identifiez les pr\u00e9dispositions de votre pur-sang arabe pour le sprint.<\/li>\n<li>Marqueur g\u00e9n\u00e9tique identifi\u00e9 dans nos laboratoires. Avantage g\u00e9n\u00e9tique observ\u00e9 chez les chevaux de course de groupe gagnants.<\/li>\n<\/ul>","protected":false},"featured_media":348,"template":"","meta":{"_acf_changed":false,"_joinchat":[]},"product_brand":[],"product_cat":[22],"product_tag":[],"class_list":{"0":"post-146","1":"product","2":"type-product","3":"status-publish","4":"has-post-thumbnail","6":"product_cat-pura-sangre-arabe","8":"first","9":"instock","10":"virtual","11":"taxable","12":"purchasable","13":"product-type-simple"},"acf":[],"_links":{"self":[{"href":"https:\/\/equinecode.com\/fr\/wp-json\/wp\/v2\/product\/146","targetHints":{"allow":["GET"]}}],"collection":[{"href":"https:\/\/equinecode.com\/fr\/wp-json\/wp\/v2\/product"}],"about":[{"href":"https:\/\/equinecode.com\/fr\/wp-json\/wp\/v2\/types\/product"}],"wp:featuredmedia":[{"embeddable":true,"href":"https:\/\/equinecode.com\/fr\/wp-json\/wp\/v2\/media\/348"}],"wp:attachment":[{"href":"https:\/\/equinecode.com\/fr\/wp-json\/wp\/v2\/media?parent=146"}],"wp:term":[{"taxonomy":"product_brand","embeddable":true,"href":"https:\/\/equinecode.com\/fr\/wp-json\/wp\/v2\/product_brand?post=146"},{"taxonomy":"product_cat","embeddable":true,"href":"https:\/\/equinecode.com\/fr\/wp-json\/wp\/v2\/product_cat?post=146"},{"taxonomy":"product_tag","embeddable":true,"href":"https:\/\/equinecode.com\/fr\/wp-json\/wp\/v2\/product_tag?post=146"}],"curies":[{"name":"wp","href":"https:\/\/api.w.org\/{rel}","templated":true}]}}